{"id":242,"date":"2016-09-05T21:39:08","date_gmt":"2016-09-05T19:39:08","guid":{"rendered":"https:\/\/science.rmtmo.eu\/de\/?page_id=242"},"modified":"2021-05-11T13:02:34","modified_gmt":"2021-05-11T11:02:34","slug":"kartographie","status":"publish","type":"page","link":"https:\/\/science.rmtmo.eu\/de\/kartographie\/","title":{"rendered":"KARTOGRAPHIE"},"content":{"rendered":"<section  class=\"section swatch-sciences-white section-short \" ><div class=\"background-media\"><\/div><div class=\"background-overlay\" style=\"\"><\/div><div class=\"container\"><div class=\"row vertical-top\"><div class=\"col-md-12  text-default\" ><h2 class=\"text-left super regular bordered-header\">Kartographie<\/h2><img decoding=\"async\" alt=\"\" src=\"https:\/\/science.rmtmo.eu\/wp-content\/uploads\/2020\/09\/Georhena-300x153.jpg\" class=\"aligncenter\"\/><p><em>GeoRhena, das geografische Informationssystem am Oberrhein, sammelt, harmonisiert und verbreitet als Open Data thematische Datens\u00e4tze aus Frankreich, Deutschland und der Schweiz. Im Dienste aller \u00f6ffentlichen Akteure erzeugt GeoRhena Karten, die Unterschiede und Komplementarit\u00e4ten zwischen den drei L\u00e4ndern klar hervorheben. Als unverzichtbare Instrumente f\u00fcr politische und technische Entscheidungen erm\u00f6glichen diese Karten das Verst\u00e4ndnis komplexer Ph\u00e4nomene, deren Projektion in der Regel an Grenzen halten.&nbsp;<\/em><\/p>\n<p>&nbsp;<\/p>\n<p>Zusammen mit GeoRhena hat das Koordinationsb\u00fcro der S\u00e4ule Wissenschaft folgende interaktive Karten entwickelt:&nbsp;<\/p>\n<p><iframe loading=\"lazy\" id=\"inlineFrameExample\" title=\"S\u00e4ule Wissenschaft TMO \/ GeoRhena: Hochschule und Forschungseinrichtungen am Oberrhein - 2020\" src=\"https:\/\/sdi.georhena.eu\/mviewer\/?config=RMT_DE.xml\" width=\"100%\" height=\"800\"><br \/>\n<\/iframe><\/p>\n<p><iframe loading=\"lazy\" id=\"inlineFrameExample\" title=\"S\u00e4ule Wissenschaft TMO \/ GeoRhena: Wissenschaftliche Fachbereiche der Hochschul- und Forschungseinrichtungen am Oberrhein - 2020\" src=\"https:\/\/sdi.georhena.eu\/mviewer\/?config=RMT_SCIENCE_DE.xml\" width=\"100%\" height=\"800\"><br \/>\n<\/iframe><\/p>\n<p><iframe loading=\"lazy\" id=\"inlineFrameExample\" title=\"S\u00e4ule Wissenschaft TMO \/ GeoRhena: Grenz\u00fcberschreitende Projekte im Bereich Wissenschaft, die durch das F\u00f6rderinstrument \u201eWissenschaftsoffensive\u201c gef\u00f6rdert wurden\" src=\"https:\/\/sdi.georhena.eu\/mviewer\/?config=RMT_PROJETS_DE.xml\" width=\"100%\" height=\"800\"><br \/>\n<\/iframe><\/p>\n<p><iframe loading=\"lazy\" id=\"inlineFrameExample\" title=\"S\u00e4ule Wissenschaft TMO \/ GeoRhena: Akteure der Wissenschaftsvermittlung \/ der F\u00f6rderung der Wissenschafts- und Technologiekultur am Oberrhein\" src=\"https:\/\/sdi.georhena.eu\/mviewer\/?config=RMT_MEDIATION_DE.xml\" width=\"100%\" height=\"800\"><br \/>\n<\/iframe><\/p>\n<p><iframe loading=\"lazy\" id=\"inlineFrameExample\" title=\"S\u00e4ule Wissenschaft TMO \/ GeoRhena: Akteure des Transfers am Oberrhein.\" src=\"https:\/\/sdi.georhena.eu\/mviewer\/?config=RMT_ACTEURS_DE.xml\" width=\"100%\" height=\"800\"><br \/>\n<\/iframe><\/p>\n<\/div><\/div><\/div><\/section><section  class=\"section swatch-sciences-white section-tiny \" ><div class=\"background-media\"><\/div><div class=\"background-overlay\" style=\"\"><\/div><div class=\"container\"><div class=\"row vertical-top\"><div class=\"col-md-12  text-default\" ><\/div><\/div><\/div><\/section>\n","protected":false},"excerpt":{"rendered":"KartographieGeoRhena, das geografische Informationssystem am Oberrhein, sammelt, harmonisiert und verbreitet als Open Data thematische Datens\u00e4tze aus Frankreich, Deutschland und der Schweiz. Im Dienste aller \u00f6ffentlichen Akteure erzeugt GeoRhena Karten, die Unterschiede und Komplementarit\u00e4ten zwischen den drei L\u00e4ndern klar hervorheben. Als unverzichtbare Instrumente f\u00fcr politische und technische Entscheidungen erm\u00f6glichen diese Karten das Verst\u00e4ndnis komplexer Ph\u00e4nomene, deren","protected":false},"author":1,"featured_media":0,"parent":0,"menu_order":0,"comment_status":"closed","ping_status":"closed","template":"","meta":{"ngg_post_thumbnail":0,"footnotes":""},"class_list":["post-242","page","type-page","status-publish","hentry"],"aioseo_notices":[],"_links":{"self":[{"href":"https:\/\/science.rmtmo.eu\/de\/wp-json\/wp\/v2\/pages\/242","targetHints":{"allow":["GET"]}}],"collection":[{"href":"https:\/\/science.rmtmo.eu\/de\/wp-json\/wp\/v2\/pages"}],"about":[{"href":"https:\/\/science.rmtmo.eu\/de\/wp-json\/wp\/v2\/types\/page"}],"author":[{"embeddable":true,"href":"https:\/\/science.rmtmo.eu\/de\/wp-json\/wp\/v2\/users\/1"}],"replies":[{"embeddable":true,"href":"https:\/\/science.rmtmo.eu\/de\/wp-json\/wp\/v2\/comments?post=242"}],"version-history":[{"count":17,"href":"https:\/\/science.rmtmo.eu\/de\/wp-json\/wp\/v2\/pages\/242\/revisions"}],"predecessor-version":[{"id":13459,"href":"https:\/\/science.rmtmo.eu\/de\/wp-json\/wp\/v2\/pages\/242\/revisions\/13459"}],"wp:attachment":[{"href":"https:\/\/science.rmtmo.eu\/de\/wp-json\/wp\/v2\/media?parent=242"}],"curies":[{"name":"wp","href":"https:\/\/api.w.org\/{rel}","templated":true}]}}