{"id":16036,"date":"2026-04-09T17:29:46","date_gmt":"2026-04-09T15:29:46","guid":{"rendered":"https:\/\/science.rmtmo.eu\/?page_id=16036"},"modified":"2026-04-10T10:37:35","modified_gmt":"2026-04-10T08:37:35","slug":"projektaufruf-unterlagen","status":"publish","type":"page","link":"https:\/\/science.rmtmo.eu\/de\/willkommen\/wissenschaft-gesellschaft\/projektaufruf-unterlagen\/","title":{"rendered":"Projektaufruf &#038; Unterlagen"},"content":{"rendered":"<section  class=\"section swatch-sciences-white section-short \" ><div class=\"background-media\"><\/div><div class=\"background-overlay\" style=\"\"><\/div><div class=\"container\"><div class=\"row vertical-top\"><div class=\"col-md-6  text-default\" ><h1 class=\"text-left super regular bordered-header\">Projektaufruf und Antragsunterlagen<\/h1><p>Mit mehr als 100 Hochschulen und Forschungseinrichtungen bildet der grenz\u00fcberschreitende Oberrheinraum einen auf europ\u00e4ischer Ebene einzigartigen Forschungsstandort mit herausragenden Kapazit\u00e4ten in den Bereichen Forschung und Entwicklung sowie Wissens- und Technologietransfer.<\/p>\n<p><b>Der Fonds \u201eWissenschaft &amp; Gesellschaft \u2013 Wissen schafft Gesellschaft am Oberrhein\u201c<\/b>, der vom Interreg-Programm Oberrhein kofinanziert und von der S\u00e4ule Wissenschaft der Trinationalen Metropolregion Oberrhein getragen wird, hat zum <strong>Ziel, Projekte zu unterst\u00fctzen, die die Verbindung zwischen wissenschaftlicher Forschung und Gesellschaft in der gesamten grenz\u00fcberschreitenden Region Oberrhein st\u00e4rken. Seine Aufgabe ist es, die Wissenschaft aus den Labors herauszuholen, um sie verst\u00e4ndlich, n\u00fctzlich und f\u00fcr alle zug\u00e4nglich zu machen.<\/strong><\/p>\n<p>Der Fonds richtet sich an franz\u00f6sische und deutsche Hochschulen und Forschungseinrichtungen in Baden-W\u00fcrttemberg, Rheinland-Pfalz und der Region Grand Est, die allein oder in Partnerschaft mit verschiedenen Akteuren wie kulturellen Einrichtungen, Vereinen f\u00fcr Wissenschaftsvermittlung, Museen, Kulturst\u00e4tten, Unternehmen der Kreativwirtschaft oder Wirtschaftsnetzwerken t\u00e4tig sind. Auch Partner aus der Nordwestschweiz k\u00f6nnen daran teilnehmen.<\/p>\n<h3>Wichtige Informationen:<\/h3>\n<ul>\n<li>Laufzeit des Fonds: 2026\u20132027<\/li>\n<li>Einreichungsfristen f\u00fcr Projektideen: 15.06.2026; 15.10.2026; 15.03.2027.<\/li>\n<li>Ein-Schritt-Einreichungsverfahren<\/li>\n<li>Kofinanzierungssatz: 60 %<\/li>\n<li>Prinzip der Kofinanzierung \u00fcber das Interreg-Programm: Erstattung der Ausgaben<\/li>\n<li>Verf\u00fcgbare europ\u00e4ische Kofinanzierungsmittel f\u00fcr die Projekte: 180.155,3 \u20ac (f\u00fcr den oder die franz\u00f6sischen und deutschen Partner)<\/li>\n<li>Die Projekte sind in ihren Zielen und\/oder ihrer Umsetzung grenz\u00fcberschreitend und dienen dem Oberrhein<\/li>\n<li>Projekte mit einem einzigen Tr\u00e4ger oder in Partnerschaft m\u00f6glich<\/li>\n<li>Projektarten:\n<ul>\n<li>Projekte zur F\u00f6rderung des Dialogs, der Vernetzung, des aktiven Austauschs und der Zusammenarbeit zwischen Hochschulen und der breiten \u00d6ffentlichkeit sowie zwischen Akteuren aus Wissenschaft, Zivilgesellschaft, Wirtschaft und Politik.<\/li>\n<li>Partizipative Forschung<\/li>\n<li>Transfer und Wissenschaftskultur<\/li>\n<\/ul>\n<\/li>\n<li>Erwartete Formate: Die Projekte entwickeln zug\u00e4ngliche und innovative Formate (Beispiele: Workshops, Veranstaltungen, k\u00fcnstlerische Projekte, partizipative Wissenschaftsprojekte oder grenz\u00fcberschreitende Vermittlungsma\u00dfnahmen)<\/li>\n<li>Projektdauer: mindestens ein Monat; h\u00f6chstens zw\u00f6lf Monate<\/li>\n<li>F\u00f6rderf\u00e4higes Budget pro Projekt: 10.000 bis 50.000 \u20ac (f\u00fcr den oder die franz\u00f6sischen und deutschen Partner)<\/li>\n<li>F\u00f6rderf\u00e4hige Kostenkategorien: Personalkosten, externe Kosten, Gemeinkosten, Reisekosten<\/li>\n<\/ul>\n<\/div><div class=\"col-md-6  text-default\" ><img decoding=\"async\" alt=\"\" src=\"https:\/\/science.rmtmo.eu\/wp-content\/uploads\/2026\/03\/Fonds-de-cooperation-la-science-fait-societe-Grenzuberschreitender-Fonds-Wissen-schafft-Gesellschaft_pour-web.jpg\" class=\"alignnone\"\/>[vc_empty_space]<p><strong>Der Projektaufruf wird am 15. April 2026 ver\u00f6ffentlicht. Die erste Frist f\u00fcr die Einreichung von Projektideen endet am 15. Juni um 12:00 Uhr (Ortszeit Stra\u00dfburg). Laden Sie den Projektaufruf herunter, um alle relevanten Informationen zu diesem Fonds zu erhalten.<\/strong><\/p>\n<p>Laden Sie hier alle Unterlagen zum Projektaufruf herunter:<\/p>\n<ul>\n<li>Projektaufrufstext<\/li>\n<li>Antragsformular<\/li>\n<li>Obligatorische Anh\u00e4nge (Budget)<\/li>\n<li>Informationsblatt zur Kommunikation im Rahmen der gef\u00f6rderten Projekte<\/li>\n<\/ul>\n<p>Es werden Informationsveranstaltungen und Online-Sprechstunden angeboten, um Sie bei der Ausarbeitung Ihrer Projektidee zu unterst\u00fctzen. Alle Informationen finden Sie auf der <a href=\"https:\/\/science.rmtmo.eu\/de\/willkommen\/wissenschaft-gesellschaft\/informationen-besprechungen\/\" target=\"_blank\" rel=\"noopener\">entsprechenden Seite<\/a>.<\/p>\n<\/div><\/div><\/div><\/section>\n","protected":false},"excerpt":{"rendered":"Projektaufruf und AntragsunterlagenMit mehr als 100 Hochschulen und Forschungseinrichtungen bildet der grenz\u00fcberschreitende Oberrheinraum einen auf europ\u00e4ischer Ebene einzigartigen Forschungsstandort mit herausragenden Kapazit\u00e4ten in den Bereichen Forschung und Entwicklung sowie Wissens- und Technologietransfer. Der Fonds \u201eWissenschaft &amp; Gesellschaft \u2013 Wissen schafft Gesellschaft am Oberrhein\u201c, der vom Interreg-Programm Oberrhein kofinanziert und von der S\u00e4ule Wissenschaft der Trinationalen","protected":false},"author":2,"featured_media":0,"parent":15978,"menu_order":0,"comment_status":"closed","ping_status":"closed","template":"","meta":{"ngg_post_thumbnail":0,"footnotes":""},"class_list":["post-16036","page","type-page","status-publish","hentry"],"aioseo_notices":[],"_links":{"self":[{"href":"https:\/\/science.rmtmo.eu\/de\/wp-json\/wp\/v2\/pages\/16036","targetHints":{"allow":["GET"]}}],"collection":[{"href":"https:\/\/science.rmtmo.eu\/de\/wp-json\/wp\/v2\/pages"}],"about":[{"href":"https:\/\/science.rmtmo.eu\/de\/wp-json\/wp\/v2\/types\/page"}],"author":[{"embeddable":true,"href":"https:\/\/science.rmtmo.eu\/de\/wp-json\/wp\/v2\/users\/2"}],"replies":[{"embeddable":true,"href":"https:\/\/science.rmtmo.eu\/de\/wp-json\/wp\/v2\/comments?post=16036"}],"version-history":[{"count":10,"href":"https:\/\/science.rmtmo.eu\/de\/wp-json\/wp\/v2\/pages\/16036\/revisions"}],"predecessor-version":[{"id":16067,"href":"https:\/\/science.rmtmo.eu\/de\/wp-json\/wp\/v2\/pages\/16036\/revisions\/16067"}],"up":[{"embeddable":true,"href":"https:\/\/science.rmtmo.eu\/de\/wp-json\/wp\/v2\/pages\/15978"}],"wp:attachment":[{"href":"https:\/\/science.rmtmo.eu\/de\/wp-json\/wp\/v2\/media?parent=16036"}],"curies":[{"name":"wp","href":"https:\/\/api.w.org\/{rel}","templated":true}]}}