{"id":15997,"date":"2026-03-24T15:59:09","date_gmt":"2026-03-24T14:59:09","guid":{"rendered":"https:\/\/science.rmtmo.eu\/?page_id=15997"},"modified":"2026-04-10T10:40:04","modified_gmt":"2026-04-10T08:40:04","slug":"informationen-besprechungen","status":"publish","type":"page","link":"https:\/\/science.rmtmo.eu\/de\/willkommen\/wissenschaft-gesellschaft\/informationen-besprechungen\/","title":{"rendered":"Informationen &#038; Besprechungen"},"content":{"rendered":"<section  class=\"section swatch-sciences-white section-short \" ><div class=\"background-media\"><\/div><div class=\"background-overlay\" style=\"\"><\/div><div class=\"container\"><div class=\"row vertical-top\"><div class=\"col-md-6  text-default\" ><h1 class=\"text-left super regular bordered-header\">Infovereanstaltungen und Online-Sprechstunden <\/h1><p>Nehmen Sie an den Online-Informationsveranstaltungen teil!<\/p>\n<p>Um das Programm, seine Ziele und die Bewerbungsmodalit\u00e4ten vorzustellen, werden zwei Online-Informationsveranstaltungen organisiert: In diesen Veranstaltungen k\u00f6nnen Sie sich \u00fcber den Projektaufruf, die Auswahlkriterien sowie den detaillierten Zeitplan des Fonds informieren und sich direkt mit den Organisatoren austauschen.<\/p>\n<ul>\n<li><b><strong>22. April, von 14:30 bis 16:00 Uhr \u2013 Veranstaltung in deutscher Sprache<\/strong><\/b><\/li>\n<li><b><strong>28. April, von 11:00 bis 12:30 Uhr \u2013 Veranstaltung in franz\u00f6sischer Sprache<\/strong><\/b><\/li>\n<\/ul>\n<p>MELDEN SIE SICH <a href=\"https:\/\/framaforms.org\/reunions-dinformation-fonds-transfrontalier-sciencesociete-infoveranstaltung-grenzuberschreitender\">\u00fcber diesen Link<\/a> an<\/p>\n<p>Die Pr\u00e4sentationen werden nach den Informationsveranstaltungen auf dieser Seite online gestellt.<\/p>\n<p>Den Text des Projektaufrufs und die Bewerbungsunterlagen finden Sie auf der <a href=\"https:\/\/science.rmtmo.eu\/de\/willkommen\/wissenschaft-gesellschaft\/projektaufruf-unterlagen\/\" target=\"_blank\" rel=\"noopener\">entsprechenden Seite<\/a>.<\/p>\n<\/div><div class=\"col-md-6  text-default\" ><img decoding=\"async\" alt=\"\" src=\"https:\/\/science.rmtmo.eu\/wp-content\/uploads\/2022\/08\/Bild_NL-1-e1661250129199.jpg\" class=\"alignnone\"\/><p>Kredit: tomertu\u00a9123rf.com<\/p>\n[vc_empty_space]<p>Um Sie bei der Ausarbeitung Ihres Projekts zu unterst\u00fctzen und Ihre Fragen zu beantworten, werden Online-Sprechstunden angeboten.<\/p>\n<p>Sie k\u00f6nnen am 13. Mai oder am 9. Juni einen 30-min\u00fctigen Termin bei den Koordinatorinnen des Fonds \u201eWissenschaft und Gesellschaft\u201c buchen.<\/p>\n<h3>Termin <a href=\"https:\/\/outlook.office.com\/book\/PermanencesvirtuellesScienceSocitOnlineBesprechungen@euroinstitut.onmicrosoft.com\/?ismsaljsauthenabled=true\"><b>\u00fcber den Link<\/b><\/a> buchen<\/h3>\n<p>Bei Fragen k\u00f6nnen Sie sich nat\u00fcrlich an die Koordinatorinnen wenden:<\/p>\n<ul>\n<li>Julie Corouge,<a href=\"mailto:julie.corouge@rtmtmo.eu\"> julie.corouge@rtmtmo.eu<\/a> +49 7851 7407-36<\/li>\n<li>Nadine Fischer, <a href=\"mailto:nadine.fischer@rmtmo.eu\">nadine.fischer@rmtmo.eu<\/a> , +49 7851 7407-37<\/li>\n<\/ul>\n<\/div><\/div><\/div><\/section>\n","protected":false},"excerpt":{"rendered":"Infovereanstaltungen und Online-Sprechstunden Nehmen Sie an den Online-Informationsveranstaltungen teil! Um das Programm, seine Ziele und die Bewerbungsmodalit\u00e4ten vorzustellen, werden zwei Online-Informationsveranstaltungen organisiert: In diesen Veranstaltungen k\u00f6nnen Sie sich \u00fcber den Projektaufruf, die Auswahlkriterien sowie den detaillierten Zeitplan des Fonds informieren und sich direkt mit den Organisatoren austauschen. 22. April, von 14:30 bis 16:00 Uhr \u2013","protected":false},"author":2,"featured_media":0,"parent":15978,"menu_order":0,"comment_status":"closed","ping_status":"closed","template":"","meta":{"ngg_post_thumbnail":0,"footnotes":""},"class_list":["post-15997","page","type-page","status-publish","hentry"],"aioseo_notices":[],"_links":{"self":[{"href":"https:\/\/science.rmtmo.eu\/de\/wp-json\/wp\/v2\/pages\/15997","targetHints":{"allow":["GET"]}}],"collection":[{"href":"https:\/\/science.rmtmo.eu\/de\/wp-json\/wp\/v2\/pages"}],"about":[{"href":"https:\/\/science.rmtmo.eu\/de\/wp-json\/wp\/v2\/types\/page"}],"author":[{"embeddable":true,"href":"https:\/\/science.rmtmo.eu\/de\/wp-json\/wp\/v2\/users\/2"}],"replies":[{"embeddable":true,"href":"https:\/\/science.rmtmo.eu\/de\/wp-json\/wp\/v2\/comments?post=15997"}],"version-history":[{"count":2,"href":"https:\/\/science.rmtmo.eu\/de\/wp-json\/wp\/v2\/pages\/15997\/revisions"}],"predecessor-version":[{"id":16068,"href":"https:\/\/science.rmtmo.eu\/de\/wp-json\/wp\/v2\/pages\/15997\/revisions\/16068"}],"up":[{"embeddable":true,"href":"https:\/\/science.rmtmo.eu\/de\/wp-json\/wp\/v2\/pages\/15978"}],"wp:attachment":[{"href":"https:\/\/science.rmtmo.eu\/de\/wp-json\/wp\/v2\/media?parent=15997"}],"curies":[{"name":"wp","href":"https:\/\/api.w.org\/{rel}","templated":true}]}}