{"id":15978,"date":"2026-03-11T09:05:07","date_gmt":"2026-03-11T08:05:07","guid":{"rendered":"https:\/\/science.rmtmo.eu\/?page_id=15978"},"modified":"2026-04-16T08:10:36","modified_gmt":"2026-04-16T06:10:36","slug":"wissenschaft-gesellschaft","status":"publish","type":"page","link":"https:\/\/science.rmtmo.eu\/de\/willkommen\/wissenschaft-gesellschaft\/","title":{"rendered":"Wissenschaft &#038; Gesellschaft"},"content":{"rendered":"<section  class=\"section swatch-sciences-white section-short \" ><div class=\"background-media\"><\/div><div class=\"background-overlay\" style=\"\"><\/div><div class=\"container\"><div class=\"row vertical-top\"><div class=\"col-md-6  text-default\" ><h1 class=\"text-left super regular bordered-header\">Grenz\u00fcberschreitender Fonds \u201eWissen schafft Gesellschaft am Oberrhein\u201c<\/h1><p>Am Oberrhein entsteht ein neues F\u00f6rderinstrument, welches zum Ziel hat, eine Br\u00fccke zwischen Wissenschaft und Gesellschaft zu schlagen. Der grenz\u00fcberschreitende Fonds \u201eWissen schafft Gesellschaft am Oberrhein\u201c, welcher vom Interreg-Programm Oberrhein kofinanziert und von der S\u00e4ule Wissenschaft der Trinationalen Metropolregion getragen wird, zielt darauf ab, den Transfer wissenschaftlicher Erkenntnisse in die Gesellschaft in der Grenzregion zu st\u00e4rken und die Ergebnisse \u00f6ffentlicher Forschung einem breiten Publikum zug\u00e4nglich zu machen.<\/p>\n<p>Die Eurodistrikte am Oberrhein (Eurodistrikt Stra\u00dfburg-Ortenau, Eurodistrikt Pamina, Eurodistrikt Region Freiburg \u2013 Centre &amp; Sud Alsace (Eurhena), Trinationaler Eurodistrikt Basel) sowie die Regio Basiliensis (IRKB) sind Partner des Fonds \u201eWissenschaft und Gesellschaft\u201c.<\/p>\n<p>Dieser Fonds wird Projekte in den Bereichen Wissenstransfer sowie zur Vermittlung und zur Verbreitung wissenschaftlicher Erkenntnisse unterst\u00fctzen, die sich mit den gro\u00dfen gesellschaftlichen, \u00f6kologischen, klimatischen oder technologischen Herausforderungen des grenz\u00fcberschreitenden Raums befassen. Damit werden zwei Ziele verfolgt: Forschung sichtbarer und zug\u00e4nglicher zu machen und gleichzeitig eine st\u00e4rkere Beteiligung der B\u00fcrger und den Dialog \u00fcber die gro\u00dfen Ver\u00e4nderungen am Oberrhein zu erm\u00f6glichen.<\/p>\n<p>Die Projekte k\u00f6nnen von franz\u00f6sischen und deutschen Hochschulen aus Baden-W\u00fcrttemberg, Rheinland-Pfalz und der Region Grand Est allein oder in Partnerschaft mit verschiedenen Akteuren wie kulturellen Einrichtungen, Vereinenim Bereich der Wissensvermittlung, Museen, Kulturst\u00e4tten, Unternehmen der Kreativwirtschaft oder sonstigen Wirtschaftsnetzwerken durchgef\u00fchrt werden. Auch Partner aus der Nordwestschweiz k\u00f6nnen sich beteiligen. Die durch den grenz\u00fcberschreitenden Fonds kofinanzierten Projekte k\u00f6nnen im gesamten Oberrheinraum durchgef\u00fchrt werden und m\u00fcssen dem grenz\u00fcberschreitenden Gebiet zugutekommen. Die Projekte, auch wenn durch einen einzelnen Tr\u00e4ger oder mit Partnern au\u00dferhalb des Programmgebiets durchgef\u00fchrt werden, haben eine Laufzeit von maximal einem Jahr und m\u00fcssen eine klare grenz\u00fcberschreitende Dimension aufweisen.<\/p>\n<p>Der grenz\u00fcberschreitende Fonds finanziert 60 % der Ausgaben der ausgew\u00e4hlten Projekte, deren Gesamtbudget zwischen 10 000 und 50 000 Euro liegt. Bei einer Beteiligung schweizer Partner kann das Budget \u00fcberschritten werden.<\/p>\n<p>Zwischen 2026 und 2027 sind mehrere Einreichungstermine vorgesehen, die eine schrittweise Umsetzung der Projekte und die Entstehung neuer wissenschaftlicher und gesellschaftlicher Kooperationen erm\u00f6glichen.<\/p>\n<\/div><div class=\"col-md-6  text-default\" ><img decoding=\"async\" alt=\"\" src=\"https:\/\/science.rmtmo.eu\/wp-content\/uploads\/2026\/03\/Fonds-de-cooperation-la-science-fait-societe-Grenzuberschreitender-Fonds-Wissen-schafft-Gesellschaft_pour-web.jpg\" class=\"alignnone\"\/><h3>Hier finden Sie alle Informationen zum Fonds:<\/h3>\n<ul>\n<li><a href=\"https:\/\/science.rmtmo.eu\/de\/willkommen\/wissenschaft-gesellschaft\/projektaufruf-unterlagen\/\" target=\"_blank\" rel=\"noopener\">Projektaufruf sowie Antragsunterlagen<\/a><\/li>\n<li><a href=\"https:\/\/science.rmtmo.eu\/de\/willkommen\/wissenschaft-gesellschaft\/informationen-besprechungen\/\" target=\"_blank\" rel=\"noopener\"><strong>Informationsveranstaltungen und Online-Sprechstunden<\/strong><\/a><\/li>\n<li>Laden Sie die Pr\u00e4sentation zum Fonds herunter: <a href=\"https:\/\/science.rmtmo.eu\/wp-content\/uploads\/2026\/04\/Document-presentation-Fonds-transfrontalier-Sciencesociete.pdf\">Wissenschaft&amp;Gesellschaft_Science&amp;soci\u00e9t\u00e9<\/a><\/li>\n<\/ul>\n<\/div><\/div><\/div><\/section>\n","protected":false},"excerpt":{"rendered":"Grenz\u00fcberschreitender Fonds \u201eWissen schafft Gesellschaft am Oberrhein\u201cAm Oberrhein entsteht ein neues F\u00f6rderinstrument, welches zum Ziel hat, eine Br\u00fccke zwischen Wissenschaft und Gesellschaft zu schlagen. Der grenz\u00fcberschreitende Fonds \u201eWissen schafft Gesellschaft am Oberrhein\u201c, welcher vom Interreg-Programm Oberrhein kofinanziert und von der S\u00e4ule Wissenschaft der Trinationalen Metropolregion getragen wird, zielt darauf ab, den Transfer wissenschaftlicher Erkenntnisse in","protected":false},"author":2,"featured_media":0,"parent":329,"menu_order":0,"comment_status":"closed","ping_status":"closed","template":"","meta":{"ngg_post_thumbnail":0,"footnotes":""},"class_list":["post-15978","page","type-page","status-publish","hentry"],"aioseo_notices":[],"_links":{"self":[{"href":"https:\/\/science.rmtmo.eu\/de\/wp-json\/wp\/v2\/pages\/15978","targetHints":{"allow":["GET"]}}],"collection":[{"href":"https:\/\/science.rmtmo.eu\/de\/wp-json\/wp\/v2\/pages"}],"about":[{"href":"https:\/\/science.rmtmo.eu\/de\/wp-json\/wp\/v2\/types\/page"}],"author":[{"embeddable":true,"href":"https:\/\/science.rmtmo.eu\/de\/wp-json\/wp\/v2\/users\/2"}],"replies":[{"embeddable":true,"href":"https:\/\/science.rmtmo.eu\/de\/wp-json\/wp\/v2\/comments?post=15978"}],"version-history":[{"count":8,"href":"https:\/\/science.rmtmo.eu\/de\/wp-json\/wp\/v2\/pages\/15978\/revisions"}],"predecessor-version":[{"id":16076,"href":"https:\/\/science.rmtmo.eu\/de\/wp-json\/wp\/v2\/pages\/15978\/revisions\/16076"}],"up":[{"embeddable":true,"href":"https:\/\/science.rmtmo.eu\/de\/wp-json\/wp\/v2\/pages\/329"}],"wp:attachment":[{"href":"https:\/\/science.rmtmo.eu\/de\/wp-json\/wp\/v2\/media?parent=15978"}],"curies":[{"name":"wp","href":"https:\/\/api.w.org\/{rel}","templated":true}]}}