{"id":15727,"date":"2026-01-21T10:36:38","date_gmt":"2026-01-21T09:36:38","guid":{"rendered":"https:\/\/science.rmtmo.eu\/?page_id=15727"},"modified":"2026-01-26T16:49:52","modified_gmt":"2026-01-26T15:49:52","slug":"manifestationlancement2026","status":"publish","type":"page","link":"https:\/\/science.rmtmo.eu\/de\/manifestationlancement2026\/","title":{"rendered":"Ev\u00e9nement Lancement"},"content":{"rendered":"<section  class=\"section swatch-sciences-white section-short \" ><div class=\"background-media\"><\/div><div class=\"background-overlay\" style=\"\"><\/div><div class=\"container\"><div class=\"row vertical-top\"><div class=\"col-md-6  text-default\" ><h1 class=\"text-left super regular bordered-header\">Manifestation de lancement<\/h1><p>Les r\u00e9gions du Rhin sup\u00e9rieur forment ensemble un espace scientifique et d\u2019innovation unique sur le plan europ\u00e9en. Regroupant plus de 100 \u00e9tablissements d\u2019enseignement sup\u00e9rieur, de recherche, et d\u2019innovation ainsi qu\u2019un grand nombre de grandes entreprises internationales et de PME performantes, l\u2019espace transfrontalier du Rhin sup\u00e9rieur est un espace exemplaire de coop\u00e9ration scientifique, qui offre d\u2019\u00e9normes potentiels de coop\u00e9ration.<\/p>\n<p>L&#8217;Offensive Sciences, initiative commune des L\u00e4nder de Bade-Wurtemberg et Rh\u00e9nanie-Palatinat, de la R\u00e9gion Grand Est ainsi que du programme Interreg Rhin Sup\u00e9rieur, existe depuis 2011 et a d\u00e9j\u00e0 permis la r\u00e9alisation de 28 projets de recherche et d&#8217;innovation collaboratifs transfrontaliers. Ceux-ci ont contribu\u00e9 et contribuent \u00e0 des avanc\u00e9es concr\u00e8tes entre autres dans les domaines de la m\u00e9decine, des technologies m\u00e9dicales, des \u00e9nergies renouvelables et du d\u00e9veloppement durable.<\/p>\n<p>L&#8217;\u00e9v\u00e9nement de lancement de l&#8217;Offensive Sciences se deroulera le 3 mars 2026, \u00e0 partir de 15h, sur le campus technologique de la Hochschule Karlsruhe. Il sera l\u2019occasion de mettre en avant la contribution des \u00e9cosyst\u00e8mes r\u00e9gionaux et transfrontaliers au d\u00e9veloppement de l\u2019innovation europ\u00e9enne de pointe issue de la recherche publique et de pr\u00e9senter les projets laur\u00e9ats du 5<sup>i\u00e8me<\/sup> appel \u00e0 projets.<\/p>\n<ul>\n<li>L\u2019\u00e9v\u00e9nement de lancement se d\u00e9roule sur le campus technologique de la Hochschule Karlsruhe (Technologiepark, Wilhelm-Schickard-Stra\u00dfe 9, b\u00e2timent A, 2i\u00e8me \u00e9tage, 76131 Karlsruhe)<\/li>\n<li>Traduction simultan\u00e9e en fran\u00e7ais et allemand assur\u00e9e<\/li>\n<li>Contact : Julie Corouge, Charg\u00e9e de mission du Pilier Sciences , +49 (0) 7851 \/ 7407\u201336, <a href=\"mailto:julie.corouge@rmtmo.eu\">julie.corouge@rmtmo.eu<\/a><\/li>\n<li>Lien pour l\u2019inscription : <a href=\"https:\/\/framaforms.org\/evenement-de-lancement-offensive-sciences-auftaktveranstaltung-wissenschaftsoffensive-1768207319\" target=\"_blank\" rel=\"noopener\">ici<\/a> (Date limite d\u2019inscription : 24.02.2026)<\/li>\n<li>T\u00e9l\u00e9charger le programme en PDF<\/li>\n<\/ul>\n<\/div><div class=\"col-md-6  text-default\" ><img decoding=\"async\" alt=\"\" src=\"https:\/\/science.rmtmo.eu\/wp-content\/uploads\/2026\/01\/Visuel-validation-projets-OS-2025-A5-Querformat-1.png\" class=\"alignnone\"\/>[vc_empty_space]<h3><strong>D\u00e9couvrez le programme :<\/strong><\/h3>\n<h3>15h00 Mots de bienvenue et introduction<\/h3>\n<ul>\n<li><strong>Fr\u00e9d\u00e9ric Pfliegersdoerffer<\/strong>, Pr\u00e9sident du Groupe de Travail du programme Interreg Rhin sup\u00e9rieur<\/li>\n<li><strong>Markus Wiedemann<\/strong>, chef de service au Minist\u00e8re des Sciences, de la Recherche et des Arts du Bade-Wurtemberg<\/li>\n<\/ul>\n<h3>15h15 Pr\u00e9sentation de l\u2019Offensive Sciences et des projets<\/h3>\n<h3>15h25 Les projets laur\u00e9ats de l\u2019Offensive Science &#8211; Focus th\u00e9matique \u00ab Sant\u00e9 &amp; Technologies Num\u00e9riques \u00bb<\/h3>\n<h3>15h40 Keynote : \u00ab Soutien transfrontalier \u00e0 l\u2019innovation, retours du terrain et impulsions pour l\u2019avenir \u00bb<\/h3>\n<ul>\n<li><strong>Prof. Dr Dennis Steininger<\/strong>, Facult\u00e9 des sciences \u00e9conomiques, RPTU Kaiserslautern-Landau, Business + Innovation Center Kaiserslautern<\/li>\n<\/ul>\n<h3>16:00 Les projets laur\u00e9ats de l\u2019Offensive Science &#8211; Focus th\u00e9matique \u00ab Syst\u00e8mes \u00e9nerg\u00e9tiques intelligents pour l&#8217;industrie et les villes \u00bb<\/h3>\n<h3>16:15 Table-ronde : \u00ab Contribution de la coop\u00e9ration transfrontali\u00e8re en mati\u00e8re de recherche et d\u2019innovation aux d\u00e9fis europ\u00e9ens de demain \u00bb<\/h3>\n<ul>\n<li><strong>Andrea Elisabeth Knellwolf<\/strong>, Vice-pr\u00e9sidente de la Regio Basiliensis<\/li>\n<li><strong>Prof. Dr. Bertrand Rose<\/strong>, Vice-Pr\u00e9sident d\u00e9l\u00e9gu\u00e9 aux Relations avec le Monde Socio-Economique de l&#8217;Universit\u00e9 de Strasbourg<\/li>\n<li><strong>Mod\u00e9ration : Stefan Seidendorf, <\/strong>Directeur adjoint de l&#8217;Institut Franco-Allemand \u2013 DFI<\/li>\n<\/ul>\n<h3>16:40 Les projets laur\u00e9ats de l\u2019Offensive Science &#8211; Focus th\u00e9matique \u00ab Environnement et adaptation au changement climatique \u00bb<\/h3>\n<h3>17:20 &#8211; Conclusion<\/h3>\n<ul>\n<li><strong>Prof. Dr. Rose Marie Beck<\/strong>, Rectrice de la Hochschule Karlsruhe<\/li>\n<\/ul>\n<p><strong>Cocktail<\/strong><\/p>\n<\/div><\/div><\/div><\/section>\n","protected":false},"excerpt":{"rendered":"Manifestation de lancementLes r\u00e9gions du Rhin sup\u00e9rieur forment ensemble un espace scientifique et d\u2019innovation unique sur le plan europ\u00e9en. Regroupant plus de 100 \u00e9tablissements d\u2019enseignement sup\u00e9rieur, de recherche, et d\u2019innovation ainsi qu\u2019un grand nombre de grandes entreprises internationales et de PME performantes, l\u2019espace transfrontalier du Rhin sup\u00e9rieur est un espace exemplaire de coop\u00e9ration scientifique, qui","protected":false},"author":2,"featured_media":0,"parent":0,"menu_order":0,"comment_status":"closed","ping_status":"closed","template":"","meta":{"ngg_post_thumbnail":0,"footnotes":""},"class_list":["post-15727","page","type-page","status-publish","hentry"],"aioseo_notices":[],"_links":{"self":[{"href":"https:\/\/science.rmtmo.eu\/de\/wp-json\/wp\/v2\/pages\/15727","targetHints":{"allow":["GET"]}}],"collection":[{"href":"https:\/\/science.rmtmo.eu\/de\/wp-json\/wp\/v2\/pages"}],"about":[{"href":"https:\/\/science.rmtmo.eu\/de\/wp-json\/wp\/v2\/types\/page"}],"author":[{"embeddable":true,"href":"https:\/\/science.rmtmo.eu\/de\/wp-json\/wp\/v2\/users\/2"}],"replies":[{"embeddable":true,"href":"https:\/\/science.rmtmo.eu\/de\/wp-json\/wp\/v2\/comments?post=15727"}],"version-history":[{"count":3,"href":"https:\/\/science.rmtmo.eu\/de\/wp-json\/wp\/v2\/pages\/15727\/revisions"}],"predecessor-version":[{"id":15790,"href":"https:\/\/science.rmtmo.eu\/de\/wp-json\/wp\/v2\/pages\/15727\/revisions\/15790"}],"wp:attachment":[{"href":"https:\/\/science.rmtmo.eu\/de\/wp-json\/wp\/v2\/media?parent=15727"}],"curies":[{"name":"wp","href":"https:\/\/api.w.org\/{rel}","templated":true}]}}