{"id":14543,"date":"2024-10-02T12:08:16","date_gmt":"2024-10-02T10:08:16","guid":{"rendered":"https:\/\/science.rmtmo.eu\/?page_id=14543"},"modified":"2026-01-27T13:45:04","modified_gmt":"2026-01-27T12:45:04","slug":"projektaufruf-2024","status":"publish","type":"page","link":"https:\/\/science.rmtmo.eu\/de\/wissenschaftsoffensive\/projektaufruf-2024\/","title":{"rendered":"Projektaufruf 2024"},"content":{"rendered":"<section  class=\"section swatch-sciences-white section-short \" ><div class=\"background-media\"><\/div><div class=\"background-overlay\" style=\"\"><\/div><div class=\"container\"><div class=\"row vertical-top\"><div class=\"col-md-6  text-default\" ><h1 class=\"text-left super regular bordered-header\">Projektaufruf 2024<\/h1><p>Aufgrund ihres Erfolgs wurde die Initiative f\u00fcr den Zeitraum 2021-2027 fortgef\u00fchrt, f\u00fcr den zwei Projektaufrufe organisiert wurden. Aufbauend auf der Dynamik der grenz\u00fcberschreitenden wissenschaftlichen Zusammenarbeit m\u00f6chten die mitfinanzierenden Partner der Wissenschaftsoffensive nun den Transfer und die Verwertung der Ergebnisse der \u00f6ffentlichen Forschung unterst\u00fctzen und den positiven Effekt der wissenschaftlichen Erkenntnissen auf die Unternehmen und die Gesellschaft verst\u00e4rken, zugunsten der wirtschaftlichen, sozialen und \u00f6kologischen Entwicklung der Trinationalen Metropolregion Oberrhein.<\/p>\n<p>Der f\u00fcnfte Aufruf der Wissenschaftsoffensive&nbsp; wurden vom 10. Oktober 2024 bis 24. Januar 2025 ver\u00f6ffentlicht und legte den Schwerpunkt auf den Wissens- und Technologietransfer.&nbsp;<\/p>\n<p>Gegenstand der F\u00f6rderung sind grenz\u00fcberschreitende Vorhaben in den Bereichen der regionalen Innovationsstrategien f\u00fcr intelligente Spezialisierung mit sich \u00fcberschneidenden Bedarfen und einem ausgepr\u00e4gten Mehrwert einer Zusammenarbeit \u00fcber die Grenzen hinweg (Digitalisierung, Cybersicherheit, Quantenwissenschaften und -technologien, Energiewende, nachhaltige Mobilit\u00e4t, Land- und Forstwirtschaft, Bio\u00f6konomie, innovative Therapien und Medizintechnik, personalisierte Medizin, Werkstoffe und Verfahren, soziale Innovation).<\/p>\n<p>Dieser Aufruf richtete sich insbesondere an Wissenschafts- und Transfereinrichtungen am Oberrhein, aber auch an entsprechende Akteure in der R\u00e9gion Grand Est, bzw. den L\u00e4ndern Baden-W\u00fcrttemberg und Rheinland-Pfalz. Die Projekte (franz\u00f6sische und deutsche Partner) erhalten eine Finanzierung von 75% (50% Interreg, 25% \u00fcber die regionalen Partner). Partner aus der Nordwestschweiz erhalten eine Schweizer Finanzierung, z.B. auf Bundes- oder Kantonsebene..<\/p>\n<\/div><div class=\"col-md-6  text-default\" ><h6><iframe loading=\"lazy\" title=\"YouTube video player\" src=\"https:\/\/www.youtube.com\/embed\/7OICwYSgTAM\" width=\"560\" height=\"315\" frameborder=\"0\" allowfullscreen=\"allowfullscreen\"><\/iframe><br \/>\nHinweis zum Datenschutz: Wir machen Sie darauf aufmerksam, dass Sie mit einem Klick auf den Abspielen-Button einwilligen, dass YouTube Ihre Daten (z. B. pers\u00f6nliche Informationen, IP-Adresse etc.) entsprechend seiner Datenverwendungsrichtlinien abspeichern und f\u00fcr gesch\u00e4ftliche Zwecke nutzen kann.<\/h6>\n[vc_empty_space]<h2><strong>Weitere Informationen:<\/strong><\/h2>\n<ul>\n<li style=\"list-style-type: none;\">\n<ul>\n<li style=\"list-style-type: none;\">\n<ul>\n<li>Entdecken Sie die Preistr\u00e4gerprojekte <a href=\"https:\/\/science.rmtmo.eu\/de\/15519-2\/\" target=\"_blank\" rel=\"noopener\">hier<\/a>&nbsp;<\/li>\n<li>Wenn Sie \u00fcber Neuigkeiten der Wissenschaftsoffensive, gef\u00f6rderte Projekte oder kommende Ausschreibungen auf dem Laufenden gehalten werden m\u00f6chten, melden Sie sich f\u00fcr den&nbsp;<a href=\"https:\/\/science.rmtmo.eu\/de\/newsletter\/\" target=\"_blank\" rel=\"noopener\">Newsletter der S\u00e4ule Wissenschaft<\/a> an<\/li>\n<li>Die Auftaktveranstaltung findet am 3. M\u00e4rz in Karlsruhe statt. Mehr Informationen <a href=\"https:\/\/science.rmtmo.eu\/de\/wissenschaftsoffensive\/projektaufruf-2024\/auftaktveranstaltung\/\" target=\"_blank\" rel=\"noopener\">hier<\/a><\/li>\n<\/ul>\n<\/li>\n<\/ul>\n<\/li>\n<\/ul>\n<\/div><\/div><\/div><\/section>\n","protected":false},"excerpt":{"rendered":"Projektaufruf 2024Aufgrund ihres Erfolgs wurde die Initiative f\u00fcr den Zeitraum 2021-2027 fortgef\u00fchrt, f\u00fcr den zwei Projektaufrufe organisiert wurden. Aufbauend auf der Dynamik der grenz\u00fcberschreitenden wissenschaftlichen Zusammenarbeit m\u00f6chten die mitfinanzierenden Partner der Wissenschaftsoffensive nun den Transfer und die Verwertung der Ergebnisse der \u00f6ffentlichen Forschung unterst\u00fctzen und den positiven Effekt der wissenschaftlichen Erkenntnissen auf die Unternehmen und","protected":false},"author":2,"featured_media":0,"parent":283,"menu_order":0,"comment_status":"closed","ping_status":"closed","template":"","meta":{"ngg_post_thumbnail":0,"footnotes":""},"class_list":["post-14543","page","type-page","status-publish","hentry"],"aioseo_notices":[],"_links":{"self":[{"href":"https:\/\/science.rmtmo.eu\/de\/wp-json\/wp\/v2\/pages\/14543","targetHints":{"allow":["GET"]}}],"collection":[{"href":"https:\/\/science.rmtmo.eu\/de\/wp-json\/wp\/v2\/pages"}],"about":[{"href":"https:\/\/science.rmtmo.eu\/de\/wp-json\/wp\/v2\/types\/page"}],"author":[{"embeddable":true,"href":"https:\/\/science.rmtmo.eu\/de\/wp-json\/wp\/v2\/users\/2"}],"replies":[{"embeddable":true,"href":"https:\/\/science.rmtmo.eu\/de\/wp-json\/wp\/v2\/comments?post=14543"}],"version-history":[{"count":7,"href":"https:\/\/science.rmtmo.eu\/de\/wp-json\/wp\/v2\/pages\/14543\/revisions"}],"predecessor-version":[{"id":15830,"href":"https:\/\/science.rmtmo.eu\/de\/wp-json\/wp\/v2\/pages\/14543\/revisions\/15830"}],"up":[{"embeddable":true,"href":"https:\/\/science.rmtmo.eu\/de\/wp-json\/wp\/v2\/pages\/283"}],"wp:attachment":[{"href":"https:\/\/science.rmtmo.eu\/de\/wp-json\/wp\/v2\/media?parent=14543"}],"curies":[{"name":"wp","href":"https:\/\/api.w.org\/{rel}","templated":true}]}}