{"id":14539,"date":"2024-10-02T11:55:34","date_gmt":"2024-10-02T09:55:34","guid":{"rendered":"https:\/\/science.rmtmo.eu\/?page_id=14539"},"modified":"2024-10-16T10:05:39","modified_gmt":"2024-10-16T08:05:39","slug":"infosessions","status":"publish","type":"page","link":"https:\/\/science.rmtmo.eu\/de\/wissenschaftsoffensive\/projektaufruf-2024\/infosessions\/","title":{"rendered":"Infosessions"},"content":{"rendered":"<section  class=\"section swatch-sciences-white section-short \" ><div class=\"background-media\"><\/div><div class=\"background-overlay\" style=\"\"><\/div><div class=\"container\"><div class=\"row vertical-top\"><div class=\"col-md-6  text-default\" ><h1 class=\"text-left super regular bordered-header\">Infoveranstaltungen und Online-Sprechstunden <\/h1><p>Am 14. Oktober wurden zwei Online-Informationsveranstaltungen vom Koordinationsb\u00fcro der S\u00e4ule Wissenschaft zusammen mit dem Gemeinsamen Sekretariat des Interreg-Programms organisiert.<\/p>\n<p>Hier finden Sie die Pr\u00e4sentation, die im Rahmen der Infosessions genutzt wurde (FR_DE_2Mo): <a href=\"https:\/\/science.rmtmo.eu\/wp-content\/uploads\/2024\/10\/OS_WO_Infosessions_14.10.2024_PPT_AAP5.pdf\">OS_WO_Infosessions_14.10.2024_PPT_AAP5<\/a><\/p>\n<p>Alle Unterlagen zur Beantragung eines Projektes finden Sie auf der <a href=\"https:\/\/www.interreg-oberrhein.eu\/sie-haben-eine-projektidee-3\/projektaufruf-wissenschaftoffensive-2024\/\" target=\"_blank\" rel=\"noopener\">Webseite des Interreg Oberrhein Programmes<\/a>.<\/p>\n<\/div><div class=\"col-md-6  text-default\" ><img decoding=\"async\" alt=\"\" src=\"https:\/\/science.rmtmo.eu\/wp-content\/uploads\/2022\/08\/Bild_NL-1-e1661250129199.jpg\" class=\"alignnone\"\/><p>Kredit: tomertu\u00a9123rf.com<\/p>\n[vc_empty_space]<p>Beratung \/ Online-Sprechstunden: Vom 13. November 2024 bis zum 22. Januar 2025 k\u00f6nnen Sie sich jeden Mittwoch zwischen 10 und 12 Uhr f\u00fcr einen 30minutigen Termine anmelden.<\/p>\n<p>Bitte beachten: In der Woche vom 16. Dezember findet die Online-Sprechtunde am Montag den 16.12 zwischen 10.00 und 12.00 Uhr statt. Am 25.12.2024 und 1.01.2025 werden keine Sprechstunden gef\u00fchrt.<\/p>\n<p>Vereinbaren Sie einen Online-Termin \u00fcber diesen Link:<br \/>\n<a href=\"https:\/\/outlook.office365.com\/owa\/calendar\/PermanencevirtuelleOSOnlineJourFixeWO@euroinstitut.onmicrosoft.com\/bookings\/\">Online planen<\/a><\/p>\n<\/div><\/div><\/div><\/section>\n","protected":false},"excerpt":{"rendered":"Infoveranstaltungen und Online-Sprechstunden Am 14. Oktober wurden zwei Online-Informationsveranstaltungen vom Koordinationsb\u00fcro der S\u00e4ule Wissenschaft zusammen mit dem Gemeinsamen Sekretariat des Interreg-Programms organisiert. Hier finden Sie die Pr\u00e4sentation, die im Rahmen der Infosessions genutzt wurde (FR_DE_2Mo): OS_WO_Infosessions_14.10.2024_PPT_AAP5 Alle Unterlagen zur Beantragung eines Projektes finden Sie auf der Webseite des Interreg Oberrhein Programmes. Kredit: tomertu\u00a9123rf.com [vc_empty_space]Beratung \/","protected":false},"author":2,"featured_media":0,"parent":14543,"menu_order":0,"comment_status":"closed","ping_status":"closed","template":"","meta":{"ngg_post_thumbnail":0,"footnotes":""},"class_list":["post-14539","page","type-page","status-publish","hentry"],"aioseo_notices":[],"_links":{"self":[{"href":"https:\/\/science.rmtmo.eu\/de\/wp-json\/wp\/v2\/pages\/14539","targetHints":{"allow":["GET"]}}],"collection":[{"href":"https:\/\/science.rmtmo.eu\/de\/wp-json\/wp\/v2\/pages"}],"about":[{"href":"https:\/\/science.rmtmo.eu\/de\/wp-json\/wp\/v2\/types\/page"}],"author":[{"embeddable":true,"href":"https:\/\/science.rmtmo.eu\/de\/wp-json\/wp\/v2\/users\/2"}],"replies":[{"embeddable":true,"href":"https:\/\/science.rmtmo.eu\/de\/wp-json\/wp\/v2\/comments?post=14539"}],"version-history":[{"count":4,"href":"https:\/\/science.rmtmo.eu\/de\/wp-json\/wp\/v2\/pages\/14539\/revisions"}],"predecessor-version":[{"id":14584,"href":"https:\/\/science.rmtmo.eu\/de\/wp-json\/wp\/v2\/pages\/14539\/revisions\/14584"}],"up":[{"embeddable":true,"href":"https:\/\/science.rmtmo.eu\/de\/wp-json\/wp\/v2\/pages\/14543"}],"wp:attachment":[{"href":"https:\/\/science.rmtmo.eu\/de\/wp-json\/wp\/v2\/media?parent=14539"}],"curies":[{"name":"wp","href":"https:\/\/api.w.org\/{rel}","templated":true}]}}