{"id":13420,"date":"2023-05-03T11:35:43","date_gmt":"2023-05-03T09:35:43","guid":{"rendered":"https:\/\/science.rmtmo.eu\/?page_id=13420"},"modified":"2023-07-06T11:27:04","modified_gmt":"2023-07-06T09:27:04","slug":"infotag-2023","status":"publish","type":"page","link":"https:\/\/science.rmtmo.eu\/de\/infotag-2023\/","title":{"rendered":"Infotag 2023"},"content":{"rendered":"<section  class=\"section swatch-sciences-white section-short \" ><div class=\"background-media\"><\/div><div class=\"background-overlay\" style=\"\"><\/div><div class=\"container\"><div class=\"row vertical-top\"><div class=\"col-md-6  text-default\" ><h1 class=\"text-left super regular bordered-header\">Infotag \u201eInnovationsregion Oberrhein: M\u00f6glichkeiten und F\u00f6rderinstrumente f\u00fcr bi- und trinationale Kooperationen\u201c<\/h1><p>Die Regionen am Oberrhein bilden zusammen einen auf europ\u00e4ischer Ebene einzigartigen Wissenschafts- und Innovationsraum. Mit \u00fcber 160 Hochschul-, Forschungs- und Innovationseinrichtungen sowie zahlreichen internationalen Gro\u00dfunternehmen und erfolgreichen KMU ist die grenz\u00fcberschreitende Region am Oberrhein ein beispielhafter Raum f\u00fcr die wissenschaftliche Zusammenarbeit, der ein enormes Kooperationspotenzial bietet.<\/p>\n<p><strong>Welche finanziellen Hebel M\u00f6glichkeiten und Instrumente stehen Forschenden, Transferintermedi\u00e4ren und Unternehmen zur Verf\u00fcgung, um ihre bi- oder trinationalen F&amp;E&amp;I-Projekte am Oberrhein zu entwickeln? Welche Perspektiven bietet die grenz\u00fcberschreitende Zusammenarbeit? <\/strong><\/p>\n<p>Dieser Informationstag bietet die M\u00f6glichkeit, sich in thematischen Sessions \u00fcber verschiedene Finanzierungsprogramme und Projektausschreibungen zu informieren. Die Ansprechpartner.innen und Kontaktstellen pr\u00e4sentieren die verschiedenen Programme, deren Inhalte, Modalit\u00e4ten und Zeitpl\u00e4ne und beantworten Ihre Fragen. Sie k\u00f6nnen auch Ihr Netzwerk am Oberrhein st\u00e4rken und Kooperationspartner finden.<\/p>\n<\/div><div class=\"col-md-6  text-default\" ><ul>\n<li><strong>Wann ?<\/strong> Am 4. Juli 2023, ab 10.30 Uhr<\/li>\n<li><strong>Wie ?<\/strong> Online<\/li>\n<li><strong>Was ?<\/strong>&nbsp;<\/li>\n<\/ul>\n<p><strong><img loading=\"lazy\" decoding=\"async\" class=\"wp-image-13479 alignleft\" src=\"https:\/\/science.rmtmo.eu\/wp-content\/uploads\/2023\/05\/screenshot_PG.png\" alt=\"\" width=\"89\" height=\"117\" srcset=\"https:\/\/science.rmtmo.eu\/wp-content\/uploads\/2023\/05\/screenshot_PG.png 619w, https:\/\/science.rmtmo.eu\/wp-content\/uploads\/2023\/05\/screenshot_PG-229x300.png 229w\" sizes=\"auto, (max-width: 89px) 100vw, 89px\" \/><\/strong><\/p>\n<p>&nbsp;<\/p>\n<p>&nbsp;<\/p>\n<p>&nbsp;<\/p>\n<p>Vollst\u00e4ndiges Programm hier herunterladen: <a href=\"https:\/\/science.rmtmo.eu\/wp-content\/uploads\/2023\/06\/2023_07_04_Programm_JourneeInfo_Infotag_RDIRhinsuperieur_Oberrhein_FR_DE_2.pdf\">2023_07_04_Programm_JourneeInfo_Infotag_R&amp;D&amp;IRhinsuperieur_Oberrhein_FR_DE_2<\/a><\/p>\n<p>&nbsp;<\/p>\n<ul>\n<li><strong>Wer ?<\/strong> Diese Veranstaltung wird von der S\u00e4ule Wissenschaft und der S\u00e4ule Wirtschaft&nbsp; der Trinationalen Metropolregion Oberrhein organisiert, in Zusammenarbeit mit dem European-Campus Eucor, dem Karlsruher Institut f\u00fcr Technologie KIT und der IHK s\u00fcdlicher Oberrhein. Zahlreiche ReferentInnen, ExpertInnen f\u00fcr Finanzierungsprogramme und F\u00f6rderma\u00dfnahmen werden Informationen und Neuigkeiten zu den laufenden und kommenden Ausschreibungen bereitstellen. Projekttr\u00e4ger werden ihre Erfahrungen bei der Entwicklung und Umsetzung von grenz\u00fcberschreitenden, deutsch-franz\u00f6sischen und europ\u00e4ischen Projekten teilen.&nbsp;<\/li>\n<li><strong>In welcher Sprache ?<\/strong> Die Veranstaltung findet in deutscher und franz\u00f6sischer Sprache mit Simultan\u00fcbersetzung statt&nbsp;<\/li>\n<li><strong>Wie k\u00f6nnen Sie sich anmelden ? <\/strong>Anmeldungen <b>nicht mehr m\u00f6glich.<\/b><\/li>\n<\/ul>\n<\/div><\/div><\/div><\/section><section  class=\"section swatch-sciences-white section-nopadding \" ><div class=\"background-media\"><\/div><div class=\"background-overlay\" style=\"\"><\/div><div class=\"container\"><div class=\"row vertical-top\"><div class=\"col-md-6  text-default\" ><\/div><div class=\"col-md-6  text-default\" ><\/div><\/div><\/div><\/section>\n","protected":false},"excerpt":{"rendered":"Infotag \u201eInnovationsregion Oberrhein: M\u00f6glichkeiten und F\u00f6rderinstrumente f\u00fcr bi- und trinationale Kooperationen\u201cDie Regionen am Oberrhein bilden zusammen einen auf europ\u00e4ischer Ebene einzigartigen Wissenschafts- und Innovationsraum. Mit \u00fcber 160 Hochschul-, Forschungs- und Innovationseinrichtungen sowie zahlreichen internationalen Gro\u00dfunternehmen und erfolgreichen KMU ist die grenz\u00fcberschreitende Region am Oberrhein ein beispielhafter Raum f\u00fcr die wissenschaftliche Zusammenarbeit, der ein enormes Kooperationspotenzial","protected":false},"author":2,"featured_media":0,"parent":0,"menu_order":0,"comment_status":"closed","ping_status":"closed","template":"","meta":{"ngg_post_thumbnail":0,"footnotes":""},"class_list":["post-13420","page","type-page","status-publish","hentry"],"aioseo_notices":[],"_links":{"self":[{"href":"https:\/\/science.rmtmo.eu\/de\/wp-json\/wp\/v2\/pages\/13420","targetHints":{"allow":["GET"]}}],"collection":[{"href":"https:\/\/science.rmtmo.eu\/de\/wp-json\/wp\/v2\/pages"}],"about":[{"href":"https:\/\/science.rmtmo.eu\/de\/wp-json\/wp\/v2\/types\/page"}],"author":[{"embeddable":true,"href":"https:\/\/science.rmtmo.eu\/de\/wp-json\/wp\/v2\/users\/2"}],"replies":[{"embeddable":true,"href":"https:\/\/science.rmtmo.eu\/de\/wp-json\/wp\/v2\/comments?post=13420"}],"version-history":[{"count":8,"href":"https:\/\/science.rmtmo.eu\/de\/wp-json\/wp\/v2\/pages\/13420\/revisions"}],"predecessor-version":[{"id":13501,"href":"https:\/\/science.rmtmo.eu\/de\/wp-json\/wp\/v2\/pages\/13420\/revisions\/13501"}],"wp:attachment":[{"href":"https:\/\/science.rmtmo.eu\/de\/wp-json\/wp\/v2\/media?parent=13420"}],"curies":[{"name":"wp","href":"https:\/\/api.w.org\/{rel}","templated":true}]}}