{"id":13103,"date":"2023-03-21T14:21:37","date_gmt":"2023-03-21T13:21:37","guid":{"rendered":"https:\/\/science.rmtmo.eu\/?page_id=13103"},"modified":"2023-03-21T14:21:37","modified_gmt":"2023-03-21T13:21:37","slug":"fortbildungen-2","status":"publish","type":"page","link":"https:\/\/science.rmtmo.eu\/de\/fortbildungen-2\/","title":{"rendered":"Fortbildungen"},"content":{"rendered":"<section  class=\"section swatch-sciences-white section-short \" ><div class=\"background-media\"><\/div><div class=\"background-overlay\" style=\"\"><\/div><div class=\"container\"><div class=\"row vertical-top\"><div class=\"col-md-6  text-default\" ><p>Das Koordinationsb\u00fcro bietet Workshops und Fortbildungen f\u00fcr Personal von Hochschul- und Forschungseinrichtungen, Personal der f\u00fcr Hochschulwesen und Forschung zust\u00e4ndigen Beh\u00f6rden, Intermedi\u00e4re des Wissens- und Technologietransfers, Unternehmer*innen, am Oberrhein und dar\u00fcber hinaus.<\/p>\n<ul>\n<li>Spezifisches Angebot in&nbsp;<a href=\"https:\/\/science.rmtmo.eu\/de\/koordinationstoolbox\/vernetzung\/projektaufbau-projektmanagement\/\">Begleitung der Wissenschaftsoffensive<\/a><\/li>\n<li>Angebot von&nbsp;<a href=\"https:\/\/science.rmtmo.eu\/de\/fortbildungsreihe\/\">Fortbildungen rund um Hochschul-, Forschungs- und Transfersysteme<\/a>&nbsp;in Deutschland, Frankreich und der Schweiz<\/li>\n<\/ul>\n[vc_empty_space height=&#8220;25px&#8220;]<p>Das Koordinationsb\u00fcro bietet ebenfalls<strong>&nbsp;individuelle Beratung und Unterst\u00fctzung<\/strong>&nbsp;zum Projektmanagement oder Projektaufbau.<\/p>\n<p><img loading=\"lazy\" decoding=\"async\" class=\"alignnone wp-image-5616\" src=\"https:\/\/science.rmtmo.eu\/wp-content\/uploads\/2018\/12\/pfeil-150x150.jpg\" alt=\"\" width=\"36\" height=\"36\">&nbsp;Schreiben Sie<a href=\"https:\/\/science.rmtmo.eu\/de\/die-saeule-wissenschaft\/kontakt\/\">&nbsp;uns<\/a>&nbsp;an!<\/p>\n[vc_empty_space height=&#8220;25px&#8220;]<\/div><\/div><\/div><\/section><section  class=\"section swatch-sciences-white section-tiny \" ><div class=\"background-media\"><\/div><div class=\"background-overlay\" style=\"\"><\/div><div class=\"container\"><div class=\"row vertical-top\"><div class=\"col-md-12  text-default\" ><\/div><\/div><\/div><\/section>\n","protected":false},"excerpt":{"rendered":"Das Koordinationsb\u00fcro bietet Workshops und Fortbildungen f\u00fcr Personal von Hochschul- und Forschungseinrichtungen, Personal der f\u00fcr Hochschulwesen und Forschung zust\u00e4ndigen Beh\u00f6rden, Intermedi\u00e4re des Wissens- und Technologietransfers, Unternehmer*innen, am Oberrhein und dar\u00fcber hinaus. Spezifisches Angebot in&nbsp;Begleitung der Wissenschaftsoffensive Angebot von&nbsp;Fortbildungen rund um Hochschul-, Forschungs- und Transfersysteme&nbsp;in Deutschland, Frankreich und der Schweiz [vc_empty_space height=\"25px\"]Das Koordinationsb\u00fcro bietet ebenfalls&nbsp;individuelle Beratung","protected":false},"author":2,"featured_media":0,"parent":0,"menu_order":0,"comment_status":"closed","ping_status":"closed","template":"","meta":{"ngg_post_thumbnail":0,"footnotes":""},"class_list":["post-13103","page","type-page","status-publish","hentry"],"aioseo_notices":[],"_links":{"self":[{"href":"https:\/\/science.rmtmo.eu\/de\/wp-json\/wp\/v2\/pages\/13103","targetHints":{"allow":["GET"]}}],"collection":[{"href":"https:\/\/science.rmtmo.eu\/de\/wp-json\/wp\/v2\/pages"}],"about":[{"href":"https:\/\/science.rmtmo.eu\/de\/wp-json\/wp\/v2\/types\/page"}],"author":[{"embeddable":true,"href":"https:\/\/science.rmtmo.eu\/de\/wp-json\/wp\/v2\/users\/2"}],"replies":[{"embeddable":true,"href":"https:\/\/science.rmtmo.eu\/de\/wp-json\/wp\/v2\/comments?post=13103"}],"version-history":[{"count":1,"href":"https:\/\/science.rmtmo.eu\/de\/wp-json\/wp\/v2\/pages\/13103\/revisions"}],"predecessor-version":[{"id":13105,"href":"https:\/\/science.rmtmo.eu\/de\/wp-json\/wp\/v2\/pages\/13103\/revisions\/13105"}],"wp:attachment":[{"href":"https:\/\/science.rmtmo.eu\/de\/wp-json\/wp\/v2\/media?parent=13103"}],"curies":[{"name":"wp","href":"https:\/\/api.w.org\/{rel}","templated":true}]}}