{"id":12924,"date":"2023-01-23T09:51:45","date_gmt":"2023-01-23T08:51:45","guid":{"rendered":"https:\/\/science.rmtmo.eu\/?page_id=12924"},"modified":"2024-02-29T11:50:41","modified_gmt":"2024-02-29T10:50:41","slug":"workshopsevents","status":"publish","type":"page","link":"https:\/\/science.rmtmo.eu\/de\/workshopsevents\/","title":{"rendered":"Auftaktveranstaltung"},"content":{"rendered":"<section  class=\"section swatch-sciences-white section-short \" ><div class=\"background-media\"><\/div><div class=\"background-overlay\" style=\"\"><\/div><div class=\"container\"><div class=\"row vertical-top\"><div class=\"col-md-6  text-default\" ><h1 class=\"text-left super regular bordered-header\">Auftaktveranstaltung WO <\/h1><p>Die Regionen am Oberrhein bilden zusammen einen auf europ\u00e4ischer Ebene einzigartigen Wissenschafts- und Innovationsraum. Mit \u00fcber 160 Hochschul-, Forschungs- und Innovationseinrichtungen sowie zahlreichen internationalen Gro\u00dfunternehmen und erfolgreichen KMU ist die grenz\u00fcberschreitende Region am Oberrhein ein beispielhafter Raum f\u00fcr die wissenschaftliche Zusammenarbeit, der ein enormes Kooperationspotenzial bietet.<\/p>\n<p>Die Wissenschaftsoffensive, eine gemeinsame Initiative der L\u00e4nder Baden-W\u00fcrttemberg und Rheinland-Pfalz, der R\u00e9gion Grand Est sowie des Interreg-Programms Oberrhein, besteht seit 2011 und hat bislang die Umsetzung von 21 grenz\u00fcberschreitenden Forschungsprojekten erm\u00f6glicht. Die bisher 30,7 Mio. Euro investierten F\u00f6rdermittel wurden insbesondere f\u00fcr angewandte Forschung auf den Gebieten der Medizin, der erneuerbaren Energien und der Nachhaltigkeit am Oberrhein eingesetzt.<\/p>\n<p><strong>Die Auftaktveranstaltung der Wissenschaftsoffensive, die am 12. M\u00e4rz in Stra\u00dfburg stattfindet,<\/strong> dient dazu, den Beitrag der regionalen und grenz\u00fcberschreitenden \u00d6kosysteme zur Entwicklung europ\u00e4ischer Spitzeninnovationen aus der \u00f6ffentlichen Forschung hervorzuheben, sowie die Preistr\u00e4gerprojekte des vierten Projektaufrufs der Wissenschaftsoffensive vorzustellen.<\/p>\n<ul>\n<li>Die Auftaktveranstaltung findet am Sitz der R\u00e9gion Grand Est, 1 place Adrien Zeller in Stra\u00dfburg (F) statt<\/li>\n<li>Die Auftaktveranstaltung wird simultan gedolmetscht (Deutsch\/Franz\u00f6sisch)<\/li>\n<li>Kontakt: Julie Corouge, Referentin bei der S\u00e4ule Wissenschaft , +49 (0) 7851 \/ 7407\u201336, <a href=\"mailto:julie.corouge@rmtmo.eu\">julie.corouge@rmtmo.eu<\/a><\/li>\n<li>Link zur Anmeldung <a href=\"https:\/\/forms.office.com\/Pages\/ResponsePage.aspx?id=Ta-djLHG7EqfDlsZAWWbqEFWvq7ePqxKiMBvi3Z1Xf1UQUxBWkpZQUU0M04wMTdORkEyNVdOUUw5QSQlQCN0PWcu\" target=\"_blank\" rel=\"noopener\">hier<\/a> (Anmeldeschluss: 5.3.2024)<\/li>\n<li>Das Programm herunterladen (PDF): <a href=\"https:\/\/science.rmtmo.eu\/wp-content\/uploads\/2024\/02\/12.03.2024_Auftaktveranstaltung_Lancement_OS_WO_FR_DE_def4-1.pdf\">12.03.2024_Auftaktveranstaltung_Lancement_OS_WO_FR_DE_def4<\/a><\/li>\n<\/ul>\n<\/div><div class=\"col-md-6  text-default\" ><img decoding=\"async\" alt=\"\" src=\"https:\/\/science.rmtmo.eu\/wp-content\/uploads\/2024\/01\/Kick_OFF_Visuel_STD_V2.png\" class=\"alignnone\"\/>[vc_empty_space]<h3><strong>Entdecken Sie das Programm:<\/strong><\/h3>\n<h3>16.00 Uhr Begr\u00fc\u00dfung und Einf\u00fchrung<\/h3>\n<ul>\n<li><strong>Franck Leroy<\/strong>, Pr\u00e4sident des Conseil r\u00e9gional Grand Est<\/li>\n<li><strong>B\u00e4rbel Sch\u00e4fer, <\/strong>Regierungspr\u00e4sidentin des Regierungspr\u00e4sidiums Freiburg und Vorsitzende des Begleitausschusses des Interreg Oberrhein Programmes<\/li>\n<\/ul>\n<h3>16.15 Uhr Vorstellung der Wissenschaftsoffensive und der Projekte<\/h3>\n<ul>\n<li><b>Koordinationsb\u00fcro der S\u00e4ule Wissenschaft <\/b>der Trinationalen Metropolregion Oberrhein<\/li>\n<\/ul>\n<h3>16.50 Uhr Podiumsdiskussion \u201eAbsicherung der Wettbewerbsf\u00e4higkeit der Trinationalen Metropolregion Oberrhein in Zeiten des Umbruchs\u201c<\/h3>\n<ul>\n<li><strong>Caroline Dreyer,<\/strong> Generaldirektorin Biovalley France<\/li>\n<li><strong>Prof. Dr. Thomas Hirth,<\/strong> Vizepr\u00e4sident Transfer und Internationales, Karlsruher Institut f\u00fcr Technologie &#8211; KIT, Vizepr\u00e4sident von Eucor \u2013 The European Campus und Sprecher der S\u00e4ule Wissenschaft<\/li>\n<li><strong>Prof. Dr. Hannes Kopf,<\/strong> Pr\u00e4sident der Struktur- und Genehmigungsdirektion S\u00fcd des Landes Rheinland-Pfalz<\/li>\n<li><strong>Franck Leroy,<\/strong> Pr\u00e4sident des Regionalrats Grand Est<\/li>\n<li><strong>Petra Olschowski,<\/strong> Ministerin f\u00fcr Wissenschaft, Forschung und Kunst Baden-W\u00fcrttemberg<\/li>\n<li><strong>Andrea Elisabeth Knellwolf, <\/strong>Vizepr\u00e4sidentin der Regio Basiliensis<\/li>\n<\/ul>\n<h3>17.35 Uhr Projektpr\u00e4sentationen und symbolische \u00dcberreichung der F\u00f6rderbescheide<\/h3>\n<h3>18.00 Uhr Key-note <em>(English<\/em>)&#8220; Innovation and excellence in the European Union: strengthening expertise in strategic areas while taking regional specificities as a reference &#8222;<\/h3>\n<ul>\n<li><strong>Magdalena Cymerys, <\/strong>Policy Officer, Directorate General for Research and Innovation, Europ\u00e4ische Kommission<\/li>\n<\/ul>\n<h3>18.30 Uhr Abschluss und Er\u00f6ffnung des Umtrunks&nbsp;<\/h3>\n<p>Die Preistr\u00e4gerprojekte des vierten Projektaufrufs der Wissenschaftsoffensive werden im Laufe der Veranstaltung im Einzelnen vorgestellt.<\/p>\n<\/div><\/div><\/div><\/section>\n","protected":false},"excerpt":{"rendered":"Auftaktveranstaltung WO Die Regionen am Oberrhein bilden zusammen einen auf europ\u00e4ischer Ebene einzigartigen Wissenschafts- und Innovationsraum. Mit \u00fcber 160 Hochschul-, Forschungs- und Innovationseinrichtungen sowie zahlreichen internationalen Gro\u00dfunternehmen und erfolgreichen KMU ist die grenz\u00fcberschreitende Region am Oberrhein ein beispielhafter Raum f\u00fcr die wissenschaftliche Zusammenarbeit, der ein enormes Kooperationspotenzial bietet. Die Wissenschaftsoffensive, eine gemeinsame Initiative der L\u00e4nder","protected":false},"author":2,"featured_media":0,"parent":0,"menu_order":0,"comment_status":"closed","ping_status":"closed","template":"","meta":{"ngg_post_thumbnail":0,"footnotes":""},"class_list":["post-12924","page","type-page","status-publish","hentry"],"aioseo_notices":[],"_links":{"self":[{"href":"https:\/\/science.rmtmo.eu\/de\/wp-json\/wp\/v2\/pages\/12924","targetHints":{"allow":["GET"]}}],"collection":[{"href":"https:\/\/science.rmtmo.eu\/de\/wp-json\/wp\/v2\/pages"}],"about":[{"href":"https:\/\/science.rmtmo.eu\/de\/wp-json\/wp\/v2\/types\/page"}],"author":[{"embeddable":true,"href":"https:\/\/science.rmtmo.eu\/de\/wp-json\/wp\/v2\/users\/2"}],"replies":[{"embeddable":true,"href":"https:\/\/science.rmtmo.eu\/de\/wp-json\/wp\/v2\/comments?post=12924"}],"version-history":[{"count":26,"href":"https:\/\/science.rmtmo.eu\/de\/wp-json\/wp\/v2\/pages\/12924\/revisions"}],"predecessor-version":[{"id":14080,"href":"https:\/\/science.rmtmo.eu\/de\/wp-json\/wp\/v2\/pages\/12924\/revisions\/14080"}],"wp:attachment":[{"href":"https:\/\/science.rmtmo.eu\/de\/wp-json\/wp\/v2\/media?parent=12924"}],"curies":[{"name":"wp","href":"https:\/\/api.w.org\/{rel}","templated":true}]}}