{"id":12735,"date":"2022-11-23T10:49:48","date_gmt":"2022-11-23T09:49:48","guid":{"rendered":"https:\/\/science.rmtmo.eu\/?page_id=12735"},"modified":"2025-11-21T08:44:38","modified_gmt":"2025-11-21T07:44:38","slug":"projektaufruf-2023","status":"publish","type":"page","link":"https:\/\/science.rmtmo.eu\/de\/wissenschaftsoffensive\/projektaufruf-2023\/","title":{"rendered":"Projektaufruf 2023"},"content":{"rendered":"<section  class=\"section swatch-sciences-white section-short \" ><div class=\"background-media\"><\/div><div class=\"background-overlay\" style=\"\"><\/div><div class=\"container\"><div class=\"row vertical-top\"><div class=\"col-md-6  text-default\" ><h1 class=\"text-left super regular bordered-header\">Projektaufruf 2023<\/h1><p>Aufgrund ihres Erfolgs wurde die Initiative f\u00fcr den Zeitraum 2021-2027 fortgef\u00fchrt, f\u00fcr den zwei Projektaufrufe organisiert wurden. Aufbauend auf der Dynamik der grenz\u00fcberschreitenden wissenschaftlichen Zusammenarbeit m\u00f6chten die mitfinanzierenden Partner der Wissenschaftsoffensive nun den Transfer und die Verwertung der Ergebnisse der \u00f6ffentlichen Forschung unterst\u00fctzen und den positiven Effekt der wissenschaftlichen Erkenntnissen auf die Unternehmen und die Gesellschaft verst\u00e4rken, zugunsten der wirtschaftlichen, sozialen und \u00f6kologischen Entwicklung der Trinationalen Metropolregion Oberrhein.<\/p>\n<p>Der vierte Aufruf der Wissenschaftsoffensive wurden vom 5. Januar 2023 bis zum 24. M\u00e4rz ver\u00f6ffentlicht und legte den Schwerpunkt auf den Wissens- und Technologietransfer. Somit tr\u00e4gt er gleichzeitig zur Erreichung der Ziele der Trinationalen Metropolregion Oberrhein (TMO) bei. Die TMO-Strategie 2030, die regionalen Strategien der Partnerregionen und das Programm Interreg Oberrhein 2021\u20132027 bilden den strategischen Rahmen f\u00fcr die Oberrheinregion und geben darin die zuk\u00fcnftigen Schwerpunkte u. a. in den S\u00e4ulen Wissenschaft und Wirtschaft f\u00fcr die n\u00e4chsten Jahre vor. Den bekannten Megathemen Klimaschutz und Umwelt, nachhaltige Mobilit\u00e4t, regenerative Energien, Digitalisierung sowie Gesundheit misst die TMO-Strategie 2030 eine ganz besondere Bedeutung bei.<\/p>\n<p>Gegenstand der F\u00f6rderung sind grenz\u00fcberschreitende Vorhaben in den Bereichen der regionalen Innovationsstrategien f\u00fcr intelligente Spezialisierung mit sich \u00fcberschneidenden Bedarfen und einem ausgepr\u00e4gten Mehrwert einer Zusammenarbeit \u00fcber die Grenzen hinweg (Digitalisierung, Cybersicherheit, Quantenwissenschaften und -technologien, Energiewende, nachhaltige Mobilit\u00e4t, Land- und Forstwirtschaft, Bio\u00f6konomie, innovative Therapien und Medizintechnik, personalisierte Medizin, Werkstoffe und Verfahren, soziale Innovation).<\/p>\n<p>Dieser Aufruf richtete sich insbesondere an Wissenschafts- und Transfereinrichtungen am Oberrhein, aber auch an entsprechende Akteure in der R\u00e9gion Grand Est, bzw. den L\u00e4ndern Baden-W\u00fcrttemberg und Rheinland-Pfalz. Die Projekte (franz\u00f6sische und deutsche Partner) erhalten eine Finanzierung von 75% (50% Interreg, 25% \u00fcber die regionalen Partner). Partner aus der Nordwestschweiz erhalten eine Schweizer Finanzierung, z.B. auf Bundes- oder Kantonsebene.<\/p>\n<\/div><div class=\"col-md-6  text-default\" ><h6><iframe loading=\"lazy\" title=\"YouTube video player\" src=\"https:\/\/www.youtube.com\/embed\/7OICwYSgTAM\" width=\"560\" height=\"315\" frameborder=\"0\" allowfullscreen=\"allowfullscreen\"><\/iframe><br \/>\nHinweis zum Datenschutz: Wir machen Sie darauf aufmerksam, dass Sie mit einem Klick auf den Abspielen-Button einwilligen, dass YouTube Ihre Daten (z. B. pers\u00f6nliche Informationen, IP-Adresse etc.) entsprechend seiner Datenverwendungsrichtlinien abspeichern und f\u00fcr gesch\u00e4ftliche Zwecke nutzen kann.<\/h6>\n[vc_empty_space]<h3 class=\"post-head small-screen-center\">Erfolgreich abgeschlossener Projektaufruf<\/h3>\n<div class=\"post-body entry-content\">\n<p>Die Wissenschaftsoffensive ist eine gemeinsame Initiative der L\u00e4nder Baden-W\u00fcrttemberg und Rheinland-Pfalz, der R\u00e9gion Grand Est sowie des Programms Interreg Oberrhein zur F\u00f6rderung exzellenter grenz\u00fcberschreitender Projekte im Bereich Wissenschaft und Innovation. Der Begleitausschuss des Interreg-Programms hat am 7. Dezember 2023 die Kofinanzierung von sieben Projekten zum Wissens- und Technologietransfer aus der \u00f6ffentlichen Spitzenforschung, die von den Hochschulen und Forschungseinrichtungen am Oberrhein durchgef\u00fchrt wird, genehmigt. Die entwickelten Innovationen werden von \u00f6ffentlichen und privaten Partnern im Grenzgebiet transferiert und tragen sowohl zur St\u00e4rkung der Wettbewerbsf\u00e4higkeit des Wirtschaftsgef\u00fcges am Oberrhein als auch zur Bereitstellung konkreter L\u00f6sungen f\u00fcr die gro\u00dfen gesellschaftlichen Herausforderungen wie nachhaltige Entwicklung, Energiewende, Digitalisierung und Gesundheit bei.<\/p>\n<p>Die sieben Projekte, die in einem zweistufigen Wettbewerbsverfahren ausgew\u00e4hlt wurden, zeigen sowohl eine vielversprechende wissenschaftliche und technische Exzellenz als auch ein hohes Verwertungspotenzial der vorgeschlagenen Innovationen sowie direkte Auswirkungen auf die wirtschaftliche Entwicklung und den Wohlstand des Oberrheintals.<\/p>\n<p>F\u00fcnf der sieben Projekte werden konkrete Beitr\u00e4ge zu den strategisch wichtigen Bereichen personalisierte Medizin und Medizintechnologien leisten. Der Oberrhein profitiert in diesen Themenbereichen von einem \u00d6kosystem, das zu den leistungsf\u00e4higsten der Welt z\u00e4hlt.<\/p>\n<\/div>\n[vc_empty_space]<h2><strong>Weitere Informationen:<\/strong><\/h2>\n<ul>\n<li>Entdecken Sie <a href=\"https:\/\/science.rmtmo.eu\/de\/die-preistraegerprojekte-des-projektaufrufs-2023\/\" target=\"_blank\" rel=\"noopener\">die Preistr\u00e4gerprojekte hier.<\/a><\/li>\n<li>Wenn Sie \u00fcber Neuigkeiten der Wissenschaftsoffensive, gef\u00f6rderte Projekte oder kommende Ausschreibungen auf dem Laufenden gehalten werden m\u00f6chten, melden Sie sich f\u00fcr den <a href=\"https:\/\/science.rmtmo.eu\/de\/newsletter\/\" target=\"_blank\" rel=\"noopener\">Newsletter der S\u00e4ule Wissenschaft<\/a> an<\/li>\n<\/ul>\n<\/div><\/div><\/div><\/section>\n","protected":false},"excerpt":{"rendered":"Projektaufruf 2023Aufgrund ihres Erfolgs wurde die Initiative f\u00fcr den Zeitraum 2021-2027 fortgef\u00fchrt, f\u00fcr den zwei Projektaufrufe organisiert wurden. Aufbauend auf der Dynamik der grenz\u00fcberschreitenden wissenschaftlichen Zusammenarbeit m\u00f6chten die mitfinanzierenden Partner der Wissenschaftsoffensive nun den Transfer und die Verwertung der Ergebnisse der \u00f6ffentlichen Forschung unterst\u00fctzen und den positiven Effekt der wissenschaftlichen Erkenntnissen auf die Unternehmen und","protected":false},"author":2,"featured_media":0,"parent":283,"menu_order":0,"comment_status":"closed","ping_status":"closed","template":"","meta":{"ngg_post_thumbnail":0,"footnotes":""},"class_list":["post-12735","page","type-page","status-publish","hentry"],"aioseo_notices":[],"_links":{"self":[{"href":"https:\/\/science.rmtmo.eu\/de\/wp-json\/wp\/v2\/pages\/12735","targetHints":{"allow":["GET"]}}],"collection":[{"href":"https:\/\/science.rmtmo.eu\/de\/wp-json\/wp\/v2\/pages"}],"about":[{"href":"https:\/\/science.rmtmo.eu\/de\/wp-json\/wp\/v2\/types\/page"}],"author":[{"embeddable":true,"href":"https:\/\/science.rmtmo.eu\/de\/wp-json\/wp\/v2\/users\/2"}],"replies":[{"embeddable":true,"href":"https:\/\/science.rmtmo.eu\/de\/wp-json\/wp\/v2\/comments?post=12735"}],"version-history":[{"count":15,"href":"https:\/\/science.rmtmo.eu\/de\/wp-json\/wp\/v2\/pages\/12735\/revisions"}],"predecessor-version":[{"id":15522,"href":"https:\/\/science.rmtmo.eu\/de\/wp-json\/wp\/v2\/pages\/12735\/revisions\/15522"}],"up":[{"embeddable":true,"href":"https:\/\/science.rmtmo.eu\/de\/wp-json\/wp\/v2\/pages\/283"}],"wp:attachment":[{"href":"https:\/\/science.rmtmo.eu\/de\/wp-json\/wp\/v2\/media?parent=12735"}],"curies":[{"name":"wp","href":"https:\/\/api.w.org\/{rel}","templated":true}]}}