{"id":11746,"date":"2022-03-02T11:26:03","date_gmt":"2022-03-02T10:26:03","guid":{"rendered":"https:\/\/science.rmtmo.eu\/?page_id=11746"},"modified":"2022-05-06T13:47:41","modified_gmt":"2022-05-06T11:47:41","slug":"infoday_cooperation_sciences","status":"publish","type":"page","link":"https:\/\/science.rmtmo.eu\/de\/infoday_cooperation_sciences\/","title":{"rendered":"Infotag 2022"},"content":{"rendered":"<section  class=\"section swatch-sciences-white section-short \" ><div class=\"background-media\"><\/div><div class=\"background-overlay\" style=\"\"><\/div><div class=\"container\"><div class=\"row vertical-top\"><div class=\"col-md-6  text-default\" ><h1 class=\"text-left super regular bordered-header\">Infotag &#8222;Wissenschaftsregion Oberrhein: M\u00f6glichkeiten und F\u00f6rderinstrumente f\u00fcr bi- und trinationale Kooperationen&#8220;<\/h1><p><strong><em>Sie m\u00f6chten wissenschaftliche Kooperationen und Projekte mit franz\u00f6sischen, deutschen und\/oder schweizerischen Partnern in der Oberrheinregion anstreben? Sie sind auf der Suche nach Informationen \u00fcber geeignete F\u00f6rderma\u00dfnahmen und -programme?<\/em><\/strong><\/p>\n<p>Der grenz\u00fcberschreitende Raum des Oberrheins bietet Lehrenden und Forschenden die M\u00f6glichkeit, europ\u00e4ische und deutsch-franz\u00f6sische Kooperationen auf kurzem Wege zu entwickeln. Welche Hochschuleinrichtungen sind auf beiden Seiten des Rheins angesiedelt, welche Kooperationspotenziale bestehen? Welche Instrumente, Hilfsmittel und Finanzierungsprogramme k\u00f6nnen mobilisiert werden, um Kooperationen aufzubauen, Forschungs-, F&amp;E- und Transferprojekte zu entwickeln und umzusetzen?<\/p>\n<p>Nehmen Sie an den verschiedenen Sessions dieses Informationstages teil und informieren Sie sich \u00fcber die verschiedenen Programme, Inhalte, Modalit\u00e4ten und Zeitpl\u00e4ne.<\/p>\n<\/div><div class=\"col-md-6  text-default\" ><img decoding=\"async\" alt=\"\" src=\"\" class=\"alignnone\"\/><ul>\n<li><strong>Wann ?<\/strong> Am 5. Mai 2022<\/li>\n<li><strong>Wie ?<\/strong> Online und in Pr\u00e4senzveranstaltungen<\/li>\n<li><strong>Wo ?<\/strong> an der Universit\u00e4t Stra\u00dfburg oder Online<\/li>\n<li><strong>Was ?<\/strong> Sie k\u00f6nnen hier das Programm herunterladen: <a href=\"https:\/\/science.rmtmo.eu\/wp-content\/uploads\/2022\/04\/2022-Programm-zweisprachig_JourneeInfo_Infotag_fv.pdf\">2022 Programm zweisprachig_JourneeInfo_Infotag_fv<\/a><\/li>\n<li><strong>Wer ?<\/strong> Diese Veranstaltung wird von der S\u00e4ule Wissenschaft der Trinationalen Metropolregion Oberrhein zusammen mit der Universit\u00e4t Stra\u00dfburg organisiert, in Zusammenarbeit mit der Deutsch-Franz\u00f6sischen Hochschule und dem European-Campus Eucor. Zahlreiche ReferentInnen, ExpertInnen f\u00fcr Finanzierungsprogramme und F\u00f6rderma\u00dfnahmen werden Informationen und Neuigkeiten zu den laufenden und kommenden Ausschreibungen bereitstellen. Projekttr\u00e4ger werden ihre Erfahrungen bei der Entwicklung und Umsetzung von grenz\u00fcberschreitenden, deutsch-franz\u00f6sischen und europ\u00e4ischen Projekten teilen.&nbsp;<\/li>\n<li><strong>In welcher Sprache ?<\/strong> Die Veranstaltung findet in deutscher und franz\u00f6sischer Sprache mit Simultan\u00fcbersetzung statt (wobei in Pr\u00e4senz an der Universit\u00e4t Stra\u00dfburg nur Franz\u00f6sisch angeboten wird).&nbsp;<\/li>\n<li><strong>Wie k\u00f6nnen Sie sich anmelden ? Anmeldungen abgeschlossen<\/strong><\/li>\n<\/ul>\n<p><span style=\"color: #ff9900;\"><strong>Die Pr\u00e4sentationen der jeweiligen Referent.innen sind weiter unten abrufbar:<\/strong><\/span><\/p>\n<h3><strong>Session 1: Projektanbahnung<\/strong><\/h3>\n<ul>\n<li><a href=\"https:\/\/science.rmtmo.eu\/wp-content\/uploads\/2022\/05\/Session-1_Seedmoney_mk.pdf\">Session 1_Seedmoney<\/a><\/li>\n<li><a href=\"https:\/\/science.rmtmo.eu\/wp-content\/uploads\/2022\/05\/Session1_UFA_presentation_5.5.2022.pdf\">Session1_UFA_pr\u00e9sentation_5.5.2022<\/a><\/li>\n<li>Mobilit\u00e4t f\u00fcr Forschungsaufentalte DAAD \/ Procope zusammen mit Campus France: <a href=\"https:\/\/science.rmtmo.eu\/wp-content\/uploads\/2022\/05\/Session1_DAAD_Bourses_Procope.pdf\">Session1_DAAD_Bourses_Procope<\/a><\/li>\n<li>Erfahrungsbericht Procope: <a href=\"https:\/\/science.rmtmo.eu\/wp-content\/uploads\/2022\/05\/Session-1-_-experience_-Presentation-journe-info-Serena-Bernacchi.pdf\">Session 1 _ experience_ Pr\u00e9sentation journ\u00e9 info-Serena Bernacchi<\/a><\/li>\n<\/ul>\n<h3><strong>Session 2: bilaterale Programme der nationalen Forschungsgesellschaften FR\/DE\/CH<\/strong><\/h3>\n<ul>\n<li>Allgemeine Pr\u00e4sentation der bilateralen-Programme FR\/DE\/CH : <a href=\"https:\/\/science.rmtmo.eu\/wp-content\/uploads\/2022\/05\/Session-2-_AAP_bilateraux_Suisse_FR_DE.pdf\">Session 2 _AAP_bilat\u00e9raux_Suisse_FR_DE<\/a><\/li>\n<li><a href=\"https:\/\/science.rmtmo.eu\/wp-content\/uploads\/2022\/05\/Session-2_ANR_DFG.pdf\">Session 2_ANR_DFG<\/a><\/li>\n<li>Erfahrungsbericht ANR\/DFG-Projekte: <a href=\"https:\/\/science.rmtmo.eu\/wp-content\/uploads\/2022\/05\/Nadalig_ANRDFG.2.pdf\">Nadalig_ANRDFG.2<\/a><\/li>\n<\/ul>\n<h3><strong>Session 3: Interreg VI Oberrhein &amp; Wissenschaftsoffensive<\/strong><\/h3>\n<ul>\n<li>Interreg VI A Oberrhein : <a href=\"https:\/\/science.rmtmo.eu\/wp-content\/uploads\/2022\/05\/Session-3_-Interreg.pdf\">Session 3_ Interreg<\/a><\/li>\n<li>Beteiligung Schweiz: <a href=\"https:\/\/science.rmtmo.eu\/wp-content\/uploads\/2022\/05\/Session-3_-NRP-1.pdf\">Session 3_ NRP<\/a><\/li>\n<li>Wissenschaftsoffensive: <a href=\"https:\/\/science.rmtmo.eu\/wp-content\/uploads\/2022\/05\/Session-3-_WO-1.pdf\">Session 3 _WO<\/a><\/li>\n<\/ul>\n<h3><strong>Session 4: Interreg B Alpine Space &amp; Nord West Europe<\/strong><\/h3>\n<ul>\n<li><a href=\"https:\/\/science.rmtmo.eu\/wp-content\/uploads\/2022\/05\/Session-4_InterregB_EspaceAlpin_NWE_RDI-1.pdf\">Session<\/a><strong><a href=\"https:\/\/science.rmtmo.eu\/wp-content\/uploads\/2022\/05\/Session-4_InterregB_EspaceAlpin_NWE_RDI-1.pdf\"> 4_InterregB_EspaceAlpin_NWE_RDI<\/a><\/strong><\/li>\n<\/ul>\n<h3><strong>Session 5: Horizon Europe ; fokus EIC \/ EIE<\/strong><\/h3>\n<ul>\n<li><a href=\"https:\/\/science.rmtmo.eu\/wp-content\/uploads\/2022\/05\/Session-5_Horizon-Europe-Global.pdf\">Session 5_Horizon Europe Global<\/a><\/li>\n<li><a href=\"https:\/\/science.rmtmo.eu\/wp-content\/uploads\/2022\/05\/Session-5_HorizonEurope_CH_Beteiligung.pdf\">Session 5_HorizonEurope_CH_Beteiligung<\/a><\/li>\n<li><a href=\"https:\/\/science.rmtmo.eu\/wp-content\/uploads\/2022\/05\/Session-5_presentation_EIC_05_05_2022-1.pdf\">Session 5_presentation_EIC_05_05_2022<\/a><\/li>\n<\/ul>\n<\/div><\/div><\/div><\/section>\n","protected":false},"excerpt":{"rendered":"Infotag \"Wissenschaftsregion Oberrhein: M\u00f6glichkeiten und F\u00f6rderinstrumente f\u00fcr bi- und trinationale Kooperationen\"Sie m\u00f6chten wissenschaftliche Kooperationen und Projekte mit franz\u00f6sischen, deutschen und\/oder schweizerischen Partnern in der Oberrheinregion anstreben? Sie sind auf der Suche nach Informationen \u00fcber geeignete F\u00f6rderma\u00dfnahmen und -programme? Der grenz\u00fcberschreitende Raum des Oberrheins bietet Lehrenden und Forschenden die M\u00f6glichkeit, europ\u00e4ische und deutsch-franz\u00f6sische Kooperationen auf kurzem","protected":false},"author":2,"featured_media":0,"parent":0,"menu_order":0,"comment_status":"closed","ping_status":"closed","template":"","meta":{"ngg_post_thumbnail":0,"footnotes":""},"class_list":["post-11746","page","type-page","status-publish","hentry"],"aioseo_notices":[],"_links":{"self":[{"href":"https:\/\/science.rmtmo.eu\/de\/wp-json\/wp\/v2\/pages\/11746","targetHints":{"allow":["GET"]}}],"collection":[{"href":"https:\/\/science.rmtmo.eu\/de\/wp-json\/wp\/v2\/pages"}],"about":[{"href":"https:\/\/science.rmtmo.eu\/de\/wp-json\/wp\/v2\/types\/page"}],"author":[{"embeddable":true,"href":"https:\/\/science.rmtmo.eu\/de\/wp-json\/wp\/v2\/users\/2"}],"replies":[{"embeddable":true,"href":"https:\/\/science.rmtmo.eu\/de\/wp-json\/wp\/v2\/comments?post=11746"}],"version-history":[{"count":15,"href":"https:\/\/science.rmtmo.eu\/de\/wp-json\/wp\/v2\/pages\/11746\/revisions"}],"predecessor-version":[{"id":12048,"href":"https:\/\/science.rmtmo.eu\/de\/wp-json\/wp\/v2\/pages\/11746\/revisions\/12048"}],"wp:attachment":[{"href":"https:\/\/science.rmtmo.eu\/de\/wp-json\/wp\/v2\/media?parent=11746"}],"curies":[{"name":"wp","href":"https:\/\/api.w.org\/{rel}","templated":true}]}}