{"id":11588,"date":"2022-02-14T14:58:58","date_gmt":"2022-02-14T13:58:58","guid":{"rendered":"https:\/\/science.rmtmo.eu\/?page_id=11588"},"modified":"2025-02-07T10:49:22","modified_gmt":"2025-02-07T09:49:22","slug":"fortbildungsreihe","status":"publish","type":"page","link":"https:\/\/science.rmtmo.eu\/de\/fortbildungsreihe\/","title":{"rendered":"Fortbildungen"},"content":{"rendered":"<section  class=\"section swatch-sciences-white section-short \" ><div class=\"background-media\"><\/div><div class=\"background-overlay\" style=\"\"><\/div><div class=\"container\"><div class=\"row vertical-top\"><div class=\"col-md-6  text-default\" ><h2 class=\"text-left normal regular bordered-header\">Hochschul-, Forschungs- und Transfersysteme in Deutschland, Frankreich und der Schweiz &#8211; Fokus Oberrhein<\/h2><p>In dieser j\u00e4hrlich angebotenen Fortbildung der S\u00e4ule Wissenschaft der Trinationalen Metropolregion Oberrhein in Kooperation mit dem Euro-Institut und dem Jean-Monnet-Exzellenzzentrum der Universit\u00e4t Stra\u00dfburg werden Kenntnisse zu den Charakteristika und Funktionsweisen der Hochschul-, Forschungs- und Transfersysteme in den L\u00e4ndern bzw. Regionen am Oberrhein vermittelt. Ein Grundwissen dazu ist unerl\u00e4sslich f\u00fcr all diejenigen, die grenz\u00fcberschreitend mit Lehrenden oder Forschenden im Nachbarland kooperieren m\u00f6chten, sei es im Rahmen der Hochschullehre oder von Forschungs- und Transferprojekten, auch mit Institutionen und Unternehmen. Praxisbeispiele und Erfahrungsberichte illustrieren dies.<\/p>\n<p>Neben der reinen Wissensvermittlung soll die Fortbildung auch das gegenseitige Verst\u00e4ndnis f\u00f6rdern und dem Austausch dienen sowie ggf. Impulse f\u00fcr neue Themen der Zusammenarbeit geben.<\/p>\n<p><strong>Zielgruppen<\/strong>: Personal von Hochschul- und Forschungseinrichtungen, Personal der f\u00fcr Hochschulwesen und Forschung zust\u00e4ndigen Beh\u00f6rden, Intermedi\u00e4re des Wissens- und Technologietransfers, Unternehmer*innen, am Oberrhein und dar\u00fcber hinaus<\/p>\n<p><strong>Anmeldung <a href=\"https:\/\/www.euroinstitut.org\/fr\/footer\/anmeldung-\/-inscription-25\" target=\"_blank\" rel=\"noopener\">hier<\/a>.<\/strong><br \/>\n<strong>Die Fortbildung wird simultan verdolmetscht.<\/strong><\/p>\n<p>&nbsp;<\/p>\n[vc_empty_space][vc_empty_space]<\/div><div class=\"col-md-6  text-default\" >[vc_empty_space]<p><img loading=\"lazy\" decoding=\"async\" class=\"alignnone wp-image-5617\" src=\"https:\/\/science.rmtmo.eu\/wp-content\/uploads\/2018\/12\/pfeil-150x150.jpg\" alt=\"\" width=\"33\" height=\"33\"> F\u00fcr 2025 wird die Fortbildung am 24. Juni in Pr\u00e4senz in Kehl angeboten.<\/p>\n<p><img loading=\"lazy\" decoding=\"async\" class=\"\" src=\"https:\/\/science.rmtmo.eu\/wp-content\/uploads\/2018\/12\/pfeil-150x150.jpg\" width=\"33\" height=\"33\"> Das Programm wird bald ver\u00f6ffentlicht<\/p>\n<p>&nbsp;<\/p>\n<\/div><\/div><\/div><\/section>\n","protected":false},"excerpt":{"rendered":"Hochschul-, Forschungs- und Transfersysteme in Deutschland, Frankreich und der Schweiz - Fokus OberrheinIn dieser j\u00e4hrlich angebotenen Fortbildung der S\u00e4ule Wissenschaft der Trinationalen Metropolregion Oberrhein in Kooperation mit dem Euro-Institut und dem Jean-Monnet-Exzellenzzentrum der Universit\u00e4t Stra\u00dfburg werden Kenntnisse zu den Charakteristika und Funktionsweisen der Hochschul-, Forschungs- und Transfersysteme in den L\u00e4ndern bzw. Regionen am Oberrhein vermittelt.","protected":false},"author":2,"featured_media":0,"parent":0,"menu_order":0,"comment_status":"closed","ping_status":"closed","template":"","meta":{"ngg_post_thumbnail":0,"footnotes":""},"class_list":["post-11588","page","type-page","status-publish","hentry"],"aioseo_notices":[],"_links":{"self":[{"href":"https:\/\/science.rmtmo.eu\/de\/wp-json\/wp\/v2\/pages\/11588","targetHints":{"allow":["GET"]}}],"collection":[{"href":"https:\/\/science.rmtmo.eu\/de\/wp-json\/wp\/v2\/pages"}],"about":[{"href":"https:\/\/science.rmtmo.eu\/de\/wp-json\/wp\/v2\/types\/page"}],"author":[{"embeddable":true,"href":"https:\/\/science.rmtmo.eu\/de\/wp-json\/wp\/v2\/users\/2"}],"replies":[{"embeddable":true,"href":"https:\/\/science.rmtmo.eu\/de\/wp-json\/wp\/v2\/comments?post=11588"}],"version-history":[{"count":13,"href":"https:\/\/science.rmtmo.eu\/de\/wp-json\/wp\/v2\/pages\/11588\/revisions"}],"predecessor-version":[{"id":14810,"href":"https:\/\/science.rmtmo.eu\/de\/wp-json\/wp\/v2\/pages\/11588\/revisions\/14810"}],"wp:attachment":[{"href":"https:\/\/science.rmtmo.eu\/de\/wp-json\/wp\/v2\/media?parent=11588"}],"curies":[{"name":"wp","href":"https:\/\/api.w.org\/{rel}","templated":true}]}}